{"id":54406,"date":"2024-07-30T10:18:58","date_gmt":"2024-07-30T08:18:58","guid":{"rendered":"https:\/\/weider.es\/product\/pack-duo-l-carnitine-1500-2x100-caps\/"},"modified":"2024-10-17T10:28:26","modified_gmt":"2024-10-17T08:28:26","slug":"pack-duo-l-carnitine-1500-2x100-caps","status":"publish","type":"product","link":"https:\/\/weider.es\/it\/prodotto\/pack-duo-l-carnitine-1500-2x100-caps\/","title":{"rendered":"PACK DUO L-Carnitine 1500 (2\u00d7100 Caps.)"},"content":{"rendered":"<div>\n<div>La L-carnitina \u00e8 l'aminoacido responsabile del trasporto degli acidi grassi accumulati nei depositi di grasso ai mitocondri, dove vengono ossidati per ottenere energia. Esistono due tipi di carnitina, la L-carnitina e la D-carnitina, ma solo la prima \u00e8 biologicamente efficace. L'organismo \u00e8 in grado di sintetizzare la L-carnitina e di ottenerla dagli alimenti di origine animale, ma le quantit\u00e0 ottenute per queste due vie sono insufficienti a promuovere la mobilitazione dei grassi, per cui \u00e8 necessaria un'integrazione.<\/div>\n<div>Per ottenere risultati ottimali, si consiglia di associare l'assunzione di L-Carnitina 1500 all'esercizio fisico aerobico, poich\u00e9 l'aumento del fabbisogno energetico dell'organismo favorisce la mobilitazione dei grassi a scopo energetico. L-Carnitina 1500 \u00e8 stato formulato con ingredienti di alta qualit\u00e0 per prendersi cura della vostra salute e aiutarvi a raggiungere i vostri obiettivi il pi\u00f9 rapidamente possibile.<\/div>\n<\/div>","protected":false},"excerpt":{"rendered":"<p>100% CARNIPURE - FAVORISCE LA RIMOZIONE DEI GRASSI - RAGGIUNGE I RISULTATI DESIDERATI<\/p>","protected":false},"featured_media":0,"template":"","meta":{"inline_featured_image":false},"product_cat":[4785],"product_tag":[],"acf":[],"_links":{"self":[{"href":"https:\/\/weider.es\/it\/wp-json\/wp\/v2\/product\/54406"}],"collection":[{"href":"https:\/\/weider.es\/it\/wp-json\/wp\/v2\/product"}],"about":[{"href":"https:\/\/weider.es\/it\/wp-json\/wp\/v2\/types\/product"}],"wp:attachment":[{"href":"https:\/\/weider.es\/it\/wp-json\/wp\/v2\/media?parent=54406"}],"wp:term":[{"taxonomy":"product_cat","embeddable":true,"href":"https:\/\/weider.es\/it\/wp-json\/wp\/v2\/product_cat?post=54406"},{"taxonomy":"product_tag","embeddable":true,"href":"https:\/\/weider.es\/it\/wp-json\/wp\/v2\/product_tag?post=54406"}],"curies":[{"name":"wp","href":"https:\/\/api.w.org\/{rel}","templated":true}]}}