{"id":54411,"date":"2024-07-30T10:18:58","date_gmt":"2024-07-30T08:18:58","guid":{"rendered":"https:\/\/weider.es\/product\/maltodextrina-neutral\/"},"modified":"2024-10-17T10:28:28","modified_gmt":"2024-10-17T08:28:28","slug":"maltodextrina-neutral","status":"publish","type":"product","link":"https:\/\/weider.es\/it\/prodotto\/maltodextrina-neutral\/","title":{"rendered":"Maltodestrina Neutro"},"content":{"rendered":"<p>Il nostro nuovo prodotto Maltodestrina pura \u00e8 ottenuto esclusivamente da<br \/>\nMaltodestrina (100% Maltodestrina, da idrolisi del mais). Il<br \/>\nLa maltodestrina \u00e8 un carboidrato composto da catene di glucosio,<br \/>\nil principale substrato energetico che contribuisce alla fibra muscolare nell'esercizio fisico.<br \/>\nSi tratta di un carboidrato molto popolare nel mondo dello sport, noto per le sue propriet\u00e0 di<br \/>\nvelocit\u00e0 d'azione.<br \/>\nQuando facciamo esercizio fisico, i livelli di glucosio nel sangue si abbassano e si verifica quanto segue<br \/>\nla conseguente degradazione del glicogeno in glucosio per coprire il fabbisogno di<br \/>\nenergia durante questo periodo. Per contrastare questo fenomeno e mantenere i livelli di glucosio ed energia nel sangue durante questo periodo.<br \/>\nenergia adeguata durante l'esercizio fisico di lunga durata, abbiamo bisogno di ingerire prodotti<br \/>\nDa qui il nostro nuovo lancio!<br \/>\nLa maltodestrina ha un elevato livello glicemico, che consente di reintegrare queste<br \/>\nfabbisogno energetico e, soprattutto, per prevenire l'insorgere della stanchezza.<br \/>\nUn altro vantaggio della maltodestrina \u00e8 la sua osmolarit\u00e0. L'osmolarit\u00e0<br \/>\ninfluisce sulla velocit\u00e0 di svuotamento gastrico dell'organismo, consentendo al corpo di<br \/>\npassaggio dei nutrienti dallo stomaco all'intestino, dove vengono assorbiti. Esiste un<br \/>\nLa relazione tra il peso molecolare dei carboidrati e la loro osmolarit\u00e0 \u00e8 enorme. Il<br \/>\nLa maltodestrina ha un peso molecolare pi\u00f9 elevato rispetto ad altri carboidrati (ad esempio, la maltodestrina).<br \/>\nglucosio e fruttosio), hanno un tempo di transito pi\u00f9 rapido e sono quindi disponibili prima.<br \/>\nviene assorbito a un ritmo pi\u00f9 elevato. Questo si traduce in un rilascio di glucosio<br \/>\nrapidamente nel flusso sanguigno come fonte di energia.<\/p>","protected":false},"excerpt":{"rendered":"<p>- Fonte di carboidrati: 100% Maltodestrina<br \/>\n- Zero grassi<br \/>\n- Vegano<\/p>","protected":false},"featured_media":53558,"template":"","meta":{"inline_featured_image":false},"product_cat":[4782,4781],"product_tag":[],"acf":[],"_links":{"self":[{"href":"https:\/\/weider.es\/it\/wp-json\/wp\/v2\/product\/54411"}],"collection":[{"href":"https:\/\/weider.es\/it\/wp-json\/wp\/v2\/product"}],"about":[{"href":"https:\/\/weider.es\/it\/wp-json\/wp\/v2\/types\/product"}],"wp:featuredmedia":[{"embeddable":true,"href":"https:\/\/weider.es\/it\/wp-json\/wp\/v2\/media\/53558"}],"wp:attachment":[{"href":"https:\/\/weider.es\/it\/wp-json\/wp\/v2\/media?parent=54411"}],"wp:term":[{"taxonomy":"product_cat","embeddable":true,"href":"https:\/\/weider.es\/it\/wp-json\/wp\/v2\/product_cat?post=54411"},{"taxonomy":"product_tag","embeddable":true,"href":"https:\/\/weider.es\/it\/wp-json\/wp\/v2\/product_tag?post=54411"}],"curies":[{"name":"wp","href":"https:\/\/api.w.org\/{rel}","templated":true}]}}