{"id":54412,"date":"2024-07-30T10:19:10","date_gmt":"2024-07-30T08:19:10","guid":{"rendered":"https:\/\/weider.es\/product\/iso-carbo-naranja\/"},"modified":"2025-04-01T10:34:26","modified_gmt":"2025-04-01T08:34:26","slug":"iso-carbo-naranja","status":"publish","type":"product","link":"https:\/\/weider.es\/it\/prodotto\/iso-carbo-naranja\/","title":{"rendered":"Iso Carbo Arancione"},"content":{"rendered":"<p>ISO CARBO di Victory Endurance \u00e8 una bevanda all'avanguardia.<br \/>\ngenerazione progettata per soddisfare tutti i requisiti<br \/>\ndi cui gli atleti hanno bisogno durante gli eventi pi\u00f9 impegnativi.<br \/>\nISO CARBO ritarda l'affaticamento e migliora le prestazioni grazie a<br \/>\nI suoi ingredienti accuratamente selezionati sono in grado di fornire pi\u00f9<br \/>\nquantit\u00e0 di carboidrati, cio\u00e8 pi\u00f9 energia, nello stesso tempo.<br \/>\ndi volume rispetto a una bevanda isotonica convenzionale.<br \/>\nMantenere l'apporto di sali minerali e, naturalmente, di acqua,<br \/>\ncon la stessa digeribilit\u00e0 per garantire una facile e veloce<br \/>\nl'assimilazione e quindi la corretta idratazione.<br \/>\nEcco come funzionano i suoi ingredienti innovativi:<br \/>\n\u2013 Amilopectina: carbohidrato de alto peso molecular<br \/>\nla cui struttura chimica gli conferisce una bassissima<br \/>\nOsmolalit\u00e0 in soluzione, che permette di passare attraverso<br \/>\nrapidamente attraverso lo stomaco, rendendolo disponibile per<br \/>\nla cellula muscolare pu\u00f2 utilizzarla come fonte di energia.<br \/>\n\u2013 Palatinosa\u00ae: (marca registrada de Isomaltulosa) es un<br \/>\ntipo di zucchero che per il suo metodo di produzione<br \/>\n\u00e8 basso sull'indice glicemico (IG), cio\u00e8 \u00e8<br \/>\nfornisce energia a lungo termine. Ha un indice glicemico simile<br \/>\na quella del fruttosio, ma con un'elevata digeribilit\u00e0, cio\u00e8<br \/>\nci fornisce le stesse caratteristiche energetiche, ma<br \/>\nsenza il disagio gastrico o digestivo che provoca<br \/>\nfruttosio.<br \/>\n\u2013 Con electrolitos: con todas las sales minerales<br \/>\nnecessario per ritardare\/evitare la disidratazione durante<br \/>\npratica sportiva. Assicura la ritenzione idrica<br \/>\nall'interno della cellula, la contrazione\/rilassamento del muscolo<br \/>\nper evitare i crampi, ecc.<br \/>\n\u2013 Con vitaminas (C y B1): fundamentales para<br \/>\ntrasformando i carboidrati in energia, con<br \/>\ncapacit\u00e0 antiossidante, ecc.<\/p>","protected":false},"excerpt":{"rendered":"<p>Idratazione ottimale con energia extra<br \/>\nCon Amilopectina, Palatinose\u2122 e polimeri di glucosio<br \/>\nCon elettroliti, sali minerali e vitamine<\/p>","protected":false},"featured_media":55694,"template":"","meta":{"inline_featured_image":false},"product_cat":[4782],"product_tag":[],"acf":[],"_links":{"self":[{"href":"https:\/\/weider.es\/it\/wp-json\/wp\/v2\/product\/54412"}],"collection":[{"href":"https:\/\/weider.es\/it\/wp-json\/wp\/v2\/product"}],"about":[{"href":"https:\/\/weider.es\/it\/wp-json\/wp\/v2\/types\/product"}],"wp:featuredmedia":[{"embeddable":true,"href":"https:\/\/weider.es\/it\/wp-json\/wp\/v2\/media\/55694"}],"wp:attachment":[{"href":"https:\/\/weider.es\/it\/wp-json\/wp\/v2\/media?parent=54412"}],"wp:term":[{"taxonomy":"product_cat","embeddable":true,"href":"https:\/\/weider.es\/it\/wp-json\/wp\/v2\/product_cat?post=54412"},{"taxonomy":"product_tag","embeddable":true,"href":"https:\/\/weider.es\/it\/wp-json\/wp\/v2\/product_tag?post=54412"}],"curies":[{"name":"wp","href":"https:\/\/api.w.org\/{rel}","templated":true}]}}