{"id":54417,"date":"2024-07-30T10:19:10","date_gmt":"2024-07-30T08:19:10","guid":{"rendered":"https:\/\/weider.es\/product\/collagen\/"},"modified":"2025-06-09T11:04:45","modified_gmt":"2025-06-09T09:04:45","slug":"colageno","status":"publish","type":"product","link":"https:\/\/weider.es\/it\/prodotto\/collagen\/","title":{"rendered":"Collagene"},"content":{"rendered":"<p>Il collagene \u00e8 una proteina presente nel tessuto connettivo ed \u00e8 essenziale per l'elasticit\u00e0 e la rigenerazione di pelle, ossa e cartilagine.<\/p>\n<p>Gli ingredienti di Weider Collagen sono stati accuratamente selezionati per stimolare la produzione di collagene e contribuire alla rigenerazione di ossa e cartilagini. Inoltre, la sua formula eccezionale \u00e8 perfetta per proteggere la pelle dall'invecchiamento e dai danni ossidativi, mantenendola liscia e giovane pi\u00f9 a lungo.<\/p>\n<p>Il collagene \u00e8 povero di grassi e zuccheri, si mescola bene ed \u00e8 molto facile da usare. \u00c8 perfetto per qualsiasi et\u00e0, sia che siate giovani e vogliate che le vostre articolazioni tengano il passo con l'attivit\u00e0 fisica, sia che le vostre articolazioni inizino a darvi fastidio. E naturalmente \u00e8 adatto anche a chi vuole proteggere e migliorare la bellezza naturale della propria pelle. Il collagene \u00e8 disponibile in un gusto neutro ed \u00e8 dolcificato con un edulcorante a zero calorie ricavato dalla foglia di Stevia.<\/p>","protected":false},"excerpt":{"rendered":"<p>Con peptidi di collagene altamente biodisponibili.<\/p>\n<p>Contribuisce alla salute di ossa e cartilagini.<\/p>\n<p>Con acido ialuronico, magnesio e vitamina C.<\/p>","protected":false},"featured_media":55800,"template":"","meta":{"inline_featured_image":false},"product_cat":[4849,4852,4842,4801],"product_tag":[],"acf":[],"_links":{"self":[{"href":"https:\/\/weider.es\/it\/wp-json\/wp\/v2\/product\/54417"}],"collection":[{"href":"https:\/\/weider.es\/it\/wp-json\/wp\/v2\/product"}],"about":[{"href":"https:\/\/weider.es\/it\/wp-json\/wp\/v2\/types\/product"}],"wp:featuredmedia":[{"embeddable":true,"href":"https:\/\/weider.es\/it\/wp-json\/wp\/v2\/media\/55800"}],"wp:attachment":[{"href":"https:\/\/weider.es\/it\/wp-json\/wp\/v2\/media?parent=54417"}],"wp:term":[{"taxonomy":"product_cat","embeddable":true,"href":"https:\/\/weider.es\/it\/wp-json\/wp\/v2\/product_cat?post=54417"},{"taxonomy":"product_tag","embeddable":true,"href":"https:\/\/weider.es\/it\/wp-json\/wp\/v2\/product_tag?post=54417"}],"curies":[{"name":"wp","href":"https:\/\/api.w.org\/{rel}","templated":true}]}}