{"id":54418,"date":"2024-07-30T10:19:10","date_gmt":"2024-07-30T08:19:10","guid":{"rendered":"https:\/\/weider.es\/product\/collagen-costo-esp-12-u\/"},"modified":"2024-11-11T11:10:18","modified_gmt":"2024-11-11T10:10:18","slug":"colageno-600g","status":"publish","type":"product","link":"https:\/\/weider.es\/it\/prodotto\/collagene-costo-esp-12-u\/","title":{"rendered":"Col\u00e1geno 600g"},"content":{"rendered":"<p>Il <a href=\"https:\/\/weider.es\/it\/categoria\/colagenos\/\">collagene<\/a> es una prote\u00edna que se encuentra en el tejido conectivo y que es fundamental para la elasticidad y regeneraci\u00f3n de la piel, los huesos y el cart\u00edlago.<\/p>\n<p>Gli ingredienti di Weider Collagen sono stati accuratamente selezionati per stimolare la produzione di collagene e contribuire alla rigenerazione di ossa e cartilagini. Inoltre, la sua formula eccezionale \u00e8 perfetta per proteggere la pelle dall'invecchiamento e dai danni ossidativi, mantenendola liscia e giovane pi\u00f9 a lungo.<\/p>\n<p>Il collagene \u00e8 povero di grassi e zuccheri, si mescola bene ed \u00e8 molto facile da usare. \u00c8 perfetto per qualsiasi et\u00e0, sia che siate giovani e vogliate che le vostre articolazioni tengano il passo con l'attivit\u00e0 fisica, sia che le vostre articolazioni inizino a darvi fastidio. E naturalmente \u00e8 adatto anche a chi vuole proteggere e migliorare la bellezza naturale della propria pelle. Il collagene \u00e8 disponibile in un gusto neutro ed \u00e8 dolcificato con un edulcorante a zero calorie ricavato dalla foglia di Stevia.<\/p>","protected":false},"excerpt":{"rendered":"<p>Con peptidi di collagene altamente biodisponibili.<br \/>\nContribuisce alla salute di ossa e cartilagini.<br \/>\nCon acido ialuronico, magnesio e vitamina C<\/p>","protected":false},"featured_media":54895,"template":"","meta":{"inline_featured_image":false},"product_cat":[4849,4852],"product_tag":[],"acf":[],"_links":{"self":[{"href":"https:\/\/weider.es\/it\/wp-json\/wp\/v2\/product\/54418"}],"collection":[{"href":"https:\/\/weider.es\/it\/wp-json\/wp\/v2\/product"}],"about":[{"href":"https:\/\/weider.es\/it\/wp-json\/wp\/v2\/types\/product"}],"wp:featuredmedia":[{"embeddable":true,"href":"https:\/\/weider.es\/it\/wp-json\/wp\/v2\/media\/54895"}],"wp:attachment":[{"href":"https:\/\/weider.es\/it\/wp-json\/wp\/v2\/media?parent=54418"}],"wp:term":[{"taxonomy":"product_cat","embeddable":true,"href":"https:\/\/weider.es\/it\/wp-json\/wp\/v2\/product_cat?post=54418"},{"taxonomy":"product_tag","embeddable":true,"href":"https:\/\/weider.es\/it\/wp-json\/wp\/v2\/product_tag?post=54418"}],"curies":[{"name":"wp","href":"https:\/\/api.w.org\/{rel}","templated":true}]}}