{"id":54420,"date":"2024-07-30T10:19:10","date_gmt":"2024-07-30T08:19:10","guid":{"rendered":"https:\/\/weider.es\/product\/green-flex\/"},"modified":"2024-10-17T10:28:31","modified_gmt":"2024-10-17T08:28:31","slug":"green-flex","status":"publish","type":"product","link":"https:\/\/weider.es\/it\/prodotto\/green-flex\/","title":{"rendered":"Flessibile verde"},"content":{"rendered":"<p>Green Flex offre una combinazione unica di ingredienti formulati con l'obiettivo di migliorare la produzione di collagene (contribuendo alla rigenerazione di ossa e cartilagini), nonch\u00e9 di ridurre e prevenire i disturbi causati dall'usura e dalle infiammazioni.<br \/>\n\u00c8 perfetto per tutte le et\u00e0, sia che siate giovani e vogliate che le vostre articolazioni tengano il passo con l'attivit\u00e0 fisica, sia che le vostre articolazioni inizino gi\u00e0 a darvi fastidio.<br \/>\nOttenere un protettore articolare di origine non animale \u00e8 spesso un compito difficile, quindi Weider, nel suo instancabile compito di soddisfare le esigenze di tutti coloro che desiderano prendersi cura di se stessi, a prescindere dai loro principi, finalmente vi facilita il compito.<br \/>\nIn genere, gli ingredienti utilizzati per la cura delle articolazioni sono di origine vegetale.<br \/>\n-<br \/>\nCurcuma biologica: la curcuma \u00e8 tradizionalmente nota per le sue propriet\u00e0 antinfiammatorie e la sua origine biologica le conferisce qualit\u00e0 e purezza del prodotto.<br \/>\n-<br \/>\nGlucosamina solfato: partecipa alla formazione e alla riparazione della cartilagine, la cui carenza \u00e8 associata all'insorgenza di dolori, soprattutto negli atleti con un'elevata usura delle articolazioni.<br \/>\n-<br \/>\nMSM (metilsulfonilmetano): partecipa alla formazione delle fibre di collagene e agisce come antiossidante per favorire la rigenerazione dei tessuti.<br \/>\n-<br \/>\nEstratto di frutto d'olivo (Osteolive): questo nuovo ingrediente di origine spagnola fornisce acido maslinico, studiato per modulare e ridurre l'infiammazione.<br \/>\n-<br \/>\nEstratto di pepe nero (Bioperine): il suo principale principio attivo \u00e8 la piperina, che aumenta l'assorbimento e la biodisponibilit\u00e0 della curcuma.<br \/>\n-<br \/>\nVitamina C: la vitamina C contribuisce alla normale formazione del collagene.<\/p>","protected":false},"excerpt":{"rendered":"<p>Protezione delle articolazioni: ossa e cartilagine<br \/>\n.<br \/>\nCon curcuma biologica<br \/>\n. Vegano, senza glutine e senza latticini<\/p>","protected":false},"featured_media":53583,"template":"","meta":{"inline_featured_image":false},"product_cat":[4783,4781],"product_tag":[],"acf":[],"_links":{"self":[{"href":"https:\/\/weider.es\/it\/wp-json\/wp\/v2\/product\/54420"}],"collection":[{"href":"https:\/\/weider.es\/it\/wp-json\/wp\/v2\/product"}],"about":[{"href":"https:\/\/weider.es\/it\/wp-json\/wp\/v2\/types\/product"}],"wp:featuredmedia":[{"embeddable":true,"href":"https:\/\/weider.es\/it\/wp-json\/wp\/v2\/media\/53583"}],"wp:attachment":[{"href":"https:\/\/weider.es\/it\/wp-json\/wp\/v2\/media?parent=54420"}],"wp:term":[{"taxonomy":"product_cat","embeddable":true,"href":"https:\/\/weider.es\/it\/wp-json\/wp\/v2\/product_cat?post=54420"},{"taxonomy":"product_tag","embeddable":true,"href":"https:\/\/weider.es\/it\/wp-json\/wp\/v2\/product_tag?post=54420"}],"curies":[{"name":"wp","href":"https:\/\/api.w.org\/{rel}","templated":true}]}}