{"id":54421,"date":"2024-07-30T10:19:10","date_gmt":"2024-07-30T08:19:10","guid":{"rendered":"https:\/\/weider.es\/product\/collagen-creamer-keto-friendly\/"},"modified":"2024-10-25T05:29:45","modified_gmt":"2024-10-25T03:29:45","slug":"colageno-creamer-keto-friendly","status":"publish","type":"product","link":"https:\/\/weider.es\/it\/prodotto\/collagen-creamer-keto-friendly\/","title":{"rendered":"Col\u00e1geno Creamer keto friendly"},"content":{"rendered":"<p>Il <a href=\"https:\/\/weider.es\/it\/categoria\/colagenos\/\">collagene<\/a> es el complemento principal por el que est\u00e1n formados los tejidos conectivos que componen varias partes de nuestro cuerpo, incluyendo tendones, ligamentos, piel y m\u00fasculos. Se sintetiza de forma natural por nuestro cuerpo, a diferencia del <a href=\"https:\/\/weider.es\/it\/prodotto\/collagen\/\">col\u00e1geno hidrolizado<\/a> que es\u00a0 aquel que ingerimos a trav\u00e9s de complementos alimenticios.<\/p>\n<p>Col\u00e1geno creamer es un complemento alimenticio que est\u00e1 formado \u00fanicamente por col\u00e1geno hidrolizado y MCT. Entre los principales beneficios del col\u00e1geno hidrolizado esta la mejora en la salud articular, adem\u00e1s de la firmeza e hidrataci\u00f3n en tejidos como la piel, u\u00f1as y cabello. El MCT, proveniente del aceite de coco, se ha convertido en un suplemento muy popular entre atletas. Uno de sus principales beneficios consiste en la ayuda a la p\u00e9rdida de peso agilizando el proceso de eliminaci\u00f3n de la grasa. Otra de las caracter\u00edsticas principales de este producto es su car\u00e1cter keto friendly.<\/p>\n<p>Per molte persone, una dieta a basso contenuto di carboidrati \u00e8 sufficiente per raggiungere il peso ideale. Grazie al contenuto di MCT, l'assunzione di questo prodotto aiuta a controllare il peso evitando l'aumento del grasso corporeo. La dose giornaliera raccomandata di collagene \u00e8 di 10 grammi (ogni porzione del nostro Collagen Creamer ne contiene 8 g) ed \u00e8 consigliata durante la colazione, quindi il Collagen Creamer \u00e8 l'abbinamento perfetto con il primo caff\u00e8 della giornata. Con l'invecchiamento, la salute delle articolazioni diminuisce. Numerosi studi clinici confermano l'efficacia del collagene idrolizzato nel ridurre il dolore articolare e migliorare la mobilit\u00e0 delle articolazioni. La nostra combinazione di collagene idrolizzato e MCT, \"Collagen Creamer\", \u00e8 una delle migliori opzioni per aiutare a mantenere muscoli, ossa e articolazioni nelle migliori condizioni possibili a lungo termine. Non dimenticate di includerlo nella vostra colazione di ogni mattina!<\/p>","protected":false},"excerpt":{"rendered":"<p>Keto friendly.<\/p>\n<p>Elaborado a base de MCT y col\u00e1geno.<\/p>\n<p>Perfecto para desayunos.<\/p>","protected":false},"featured_media":54901,"template":"","meta":{"inline_featured_image":false},"product_cat":[4849],"product_tag":[],"acf":[],"_links":{"self":[{"href":"https:\/\/weider.es\/it\/wp-json\/wp\/v2\/product\/54421"}],"collection":[{"href":"https:\/\/weider.es\/it\/wp-json\/wp\/v2\/product"}],"about":[{"href":"https:\/\/weider.es\/it\/wp-json\/wp\/v2\/types\/product"}],"wp:featuredmedia":[{"embeddable":true,"href":"https:\/\/weider.es\/it\/wp-json\/wp\/v2\/media\/54901"}],"wp:attachment":[{"href":"https:\/\/weider.es\/it\/wp-json\/wp\/v2\/media?parent=54421"}],"wp:term":[{"taxonomy":"product_cat","embeddable":true,"href":"https:\/\/weider.es\/it\/wp-json\/wp\/v2\/product_cat?post=54421"},{"taxonomy":"product_tag","embeddable":true,"href":"https:\/\/weider.es\/it\/wp-json\/wp\/v2\/product_tag?post=54421"}],"curies":[{"name":"wp","href":"https:\/\/api.w.org\/{rel}","templated":true}]}}