{"id":54425,"date":"2024-07-30T10:19:10","date_gmt":"2024-07-30T08:19:10","guid":{"rendered":"https:\/\/weider.es\/product\/omega-3\/"},"modified":"2025-03-14T14:36:55","modified_gmt":"2025-03-14T13:36:55","slug":"omega-3","status":"publish","type":"product","link":"https:\/\/weider.es\/it\/prodotto\/omega-3\/","title":{"rendered":"Omega 3"},"content":{"rendered":"<div>\n<div>Omega 3 di Weider rafforza ogni giorno la vostra dieta con acidi grassi essenziali. Gli acidi grassi Omega 3 sono essenziali nella nostra dieta, il che significa che il corpo ne ha bisogno per il suo corretto funzionamento, ma non pu\u00f2 sintetizzarli. \u00c8 quindi necessario assumerli attraverso gli alimenti.<\/div>\n<div>Gli acidi grassi omega-3 si trovano principalmente nei frutti di mare, come il pesce azzurro, e anche in piccole quantit\u00e0 nei semi vegetali. Tuttavia, la loro presenza negli altri alimenti \u00e8 generalmente scarsa e il loro rafforzamento attraverso un integratore di alta qualit\u00e0 pu\u00f2 essere positivo per prevenire le carenze.<\/div>\n<div>Ogni sofgel giornaliero di Omega 3 fornisce, in una forma comoda e facile da consumare, 350 mg di EPA e 250 mg di DHA.<\/div>\n<div>-Gli acidi eicosapentaeonico e docosaesaenoico contribuiscono alla normale funzione cardiaca.<\/div>\n<div>-Il DHA (acido docosaesaenoico) contribuisce al mantenimento di una visione normale.<\/div>\n<div>-Il DHA (acido docosaesaenoico) contribuisce al mantenimento delle normali funzioni cerebrali. Inoltre, ogni sofgel \u00e8 stato arricchito con 41% del Valore Nutritivo di Riferimento della vitamina E.<\/div>\n<div>Vitamina che contribuisce alla protezione delle cellule dal danno ossidativo. Un consumo adeguato di omega-3 \u00e8 essenziale per tutti, ma \u00e8 particolarmente interessante per le persone che non includono molto pesce grasso nella loro dieta, per gli atleti con un elevato fabbisogno nutrizionale e per le persone che vogliono sostenere la corretta funzione cardiaca.<\/div>\n<\/div>","protected":false},"excerpt":{"rendered":"<p>Da olio di pesce di alta qualit\u00e0<br \/>\nqualit\u00e0, combinazione di fonti: EPA e DHA<\/p>","protected":false},"featured_media":53602,"template":"","meta":{"inline_featured_image":false},"product_cat":[4845],"product_tag":[],"acf":[],"_links":{"self":[{"href":"https:\/\/weider.es\/it\/wp-json\/wp\/v2\/product\/54425"}],"collection":[{"href":"https:\/\/weider.es\/it\/wp-json\/wp\/v2\/product"}],"about":[{"href":"https:\/\/weider.es\/it\/wp-json\/wp\/v2\/types\/product"}],"wp:featuredmedia":[{"embeddable":true,"href":"https:\/\/weider.es\/it\/wp-json\/wp\/v2\/media\/53602"}],"wp:attachment":[{"href":"https:\/\/weider.es\/it\/wp-json\/wp\/v2\/media?parent=54425"}],"wp:term":[{"taxonomy":"product_cat","embeddable":true,"href":"https:\/\/weider.es\/it\/wp-json\/wp\/v2\/product_cat?post=54425"},{"taxonomy":"product_tag","embeddable":true,"href":"https:\/\/weider.es\/it\/wp-json\/wp\/v2\/product_tag?post=54425"}],"curies":[{"name":"wp","href":"https:\/\/api.w.org\/{rel}","templated":true}]}}