{"id":54426,"date":"2024-07-30T10:19:10","date_gmt":"2024-07-30T08:19:10","guid":{"rendered":"https:\/\/weider.es\/product\/cbd-cream\/"},"modified":"2024-10-17T10:28:36","modified_gmt":"2024-10-17T08:28:36","slug":"cbd-cream","status":"publish","type":"product","link":"https:\/\/weider.es\/it\/prodotto\/cbd-cream\/","title":{"rendered":"Crema al CBD"},"content":{"rendered":"<p>CBD Cream \u00e8 una crema da massaggio con cannabidiolo (CBD), arnica, calendula, burro di uccuba ed eucalipto. Ingredienti scelti con cura per le loro note propriet\u00e0 lenitive e confortanti.<br \/>\nL'accurata selezione degli ingredienti di origine naturale 99%, nonch\u00e9 la sinergia che si crea tra di essi, rendono questa crema la scelta ideale per l'uso topico per le persone con processi infiammatori.<br \/>\n\u00c8 perfetto prima o dopo l'attivit\u00e0 sportiva, ma pu\u00f2 essere applicato in qualsiasi momento della giornata quando si desidera sentire il sollievo di un piacevole massaggio.<br \/>\nMassaggiate delicatamente la pelle e sentirete una piacevole sensazione di sollievo e benessere.<br \/>\nPrincipali principi attivi:<br \/>\n- Canapa: uno dei principi attivi principali e pi\u00f9 differenzianti di questa crema \u00e8 il cannabidiolo, meglio conosciuto come CBD: un cannabinoide non psicoattivo della pianta di canapa, a cui sono attribuite propriet\u00e0 antinfiammatorie e antiossidanti.<br \/>\n- Calendula: ingrediente naturale noto per i suoi effetti antinfiammatori. Ideale per le pelli sensibili e irritate, purifica e ha effetti antisettici.<br \/>\n- Arnica: olio idratante noto per le sue propriet\u00e0 lenitive.<br \/>\n- Eucalipto: l'olio di eucalipto ha propriet\u00e0 antinfiammatorie e lenitive. Ha propriet\u00e0 antisettiche, purificanti e cicatrizzanti.<br \/>\n- Burro di Uccuba: ammorbidisce, ripara e idrata.<\/p>","protected":false},"excerpt":{"rendered":"<p>Crema per massaggio sportivo<br \/>\nContiene cannabidiolo (CBD)<br \/>\n, Sensazione di comfort.<\/p>","protected":false},"featured_media":54921,"template":"","meta":{"inline_featured_image":false},"product_cat":[4845],"product_tag":[],"acf":[],"_links":{"self":[{"href":"https:\/\/weider.es\/it\/wp-json\/wp\/v2\/product\/54426"}],"collection":[{"href":"https:\/\/weider.es\/it\/wp-json\/wp\/v2\/product"}],"about":[{"href":"https:\/\/weider.es\/it\/wp-json\/wp\/v2\/types\/product"}],"wp:featuredmedia":[{"embeddable":true,"href":"https:\/\/weider.es\/it\/wp-json\/wp\/v2\/media\/54921"}],"wp:attachment":[{"href":"https:\/\/weider.es\/it\/wp-json\/wp\/v2\/media?parent=54426"}],"wp:term":[{"taxonomy":"product_cat","embeddable":true,"href":"https:\/\/weider.es\/it\/wp-json\/wp\/v2\/product_cat?post=54426"},{"taxonomy":"product_tag","embeddable":true,"href":"https:\/\/weider.es\/it\/wp-json\/wp\/v2\/product_tag?post=54426"}],"curies":[{"name":"wp","href":"https:\/\/api.w.org\/{rel}","templated":true}]}}