{"id":54427,"date":"2024-07-30T10:19:10","date_gmt":"2024-07-30T08:19:10","guid":{"rendered":"https:\/\/weider.es\/product\/vitamin-d3-k2-120-caps\/"},"modified":"2024-10-17T10:28:36","modified_gmt":"2024-10-17T08:28:36","slug":"vitamin-d3-k2-120-caps","status":"publish","type":"product","link":"https:\/\/weider.es\/it\/prodotto\/vitamin-d3-k2-120-caps\/","title":{"rendered":"Vitamina D3\/K2 120 caps"},"content":{"rendered":"<p>Dato che il corpo umano \u00e8 teoricamente in grado di produrre una quantit\u00e0 sufficiente di vitamina D al giorno, non \u00e8 possibile<br \/>\nLa vitamina D non \u00e8 una vera e propria vitamina, ma un ormone. Per<br \/>\nPer produrre la vitamina D, l'organismo ha bisogno sia del precursore colesterolo che dei raggi UV-B.<br \/>\ndal sole, ed \u00e8 qui che diventa difficile per la maggior parte delle persone:<br \/>\nPassiamo la maggior parte del tempo in casa. Quando usciamo di casa, copriamo<br \/>\nla maggior parte della nostra pelle produttrice di vitamina D con gli indumenti. Durante l'estate, indossiamo<br \/>\nprotezione solare per proteggerci dagli effetti potenzialmente dannosi del sole, e quindi<br \/>\ninibiamo la sintesi della vitamina D! Oltre a ci\u00f2, sia la nostra et\u00e0 che il nostro tipo di<br \/>\nLa pelle ha una grande influenza sulla nostra produzione di vitamina D.<br \/>\nNella maggior parte dell'Europa, l'angolo con cui il sole raggiunge la Terra \u00e8<br \/>\ntroppo bassa, il che significa un'esposizione ai raggi UV-B insufficiente per la sintesi.<br \/>\ndi vitamina D. Un cielo nuvoloso impedisce inoltre l'irradiazione dei raggi UV-B, e gli alimenti<br \/>\nGli alimenti ricchi di vitamina D sono rari, quindi l'assunzione di vitamina D attraverso gli alimenti non \u00e8 quasi mai un problema.<br \/>\n\u00e8 possibile e se ne raccomanda l'implementazione.<br \/>\nLa vitamina D contribuisce al mantenimento di ossa e denti normali, alla normale funzione delle ossa e dei denti, a<br \/>\nnormale funzione muscolare e immunitaria. Pertanto, una carenza di vitamina<br \/>\nD pu\u00f2 portare a disturbi del metabolismo osseo e a malattie quali<br \/>\nrachitismo (nei bambini) o osteomalacia (negli adulti).<br \/>\nIn termini di effetti sul sistema immunitario innato e adattativo, la vitamina D svolge un ruolo chiave nel sistema immunitario.<br \/>\nun ruolo importante nella differenziazione (maturazione) di molte cellule immunitarie<br \/>\ndiversi tipi di cellule, come i monociti, i macrofagi e i linfociti (ad esempio, i linfociti B e i linfociti T).<br \/>\nLa missione di WEIDER \u00e8 quella di fornirvi i migliori integratori alimentari affinch\u00e9 possiate<br \/>\npotete dare il meglio di voi stessi, vivere una vita sana e raggiungere i vostri obiettivi personali. Con pi\u00f9<br \/>\n85 anni di esperienza in questo settore, abbiamo compreso l'importanza di utilizzare<br \/>\nsolo ingredienti di altissima qualit\u00e0 e fiducia in tutti i nostri prodotti.<\/p>","protected":false},"excerpt":{"rendered":"<p>1000 UI di vitamina solare per capsula.<br \/>\nCon la qualit\u00e0 premium di K2Vital, la vitamina K2 MK-7.<br \/>\nFornisce magnesio, un importante cofattore per l'attivazione della vitamina D.<\/p>","protected":false},"featured_media":55132,"template":"","meta":{"inline_featured_image":false},"product_cat":[4845],"product_tag":[],"acf":[],"_links":{"self":[{"href":"https:\/\/weider.es\/it\/wp-json\/wp\/v2\/product\/54427"}],"collection":[{"href":"https:\/\/weider.es\/it\/wp-json\/wp\/v2\/product"}],"about":[{"href":"https:\/\/weider.es\/it\/wp-json\/wp\/v2\/types\/product"}],"wp:featuredmedia":[{"embeddable":true,"href":"https:\/\/weider.es\/it\/wp-json\/wp\/v2\/media\/55132"}],"wp:attachment":[{"href":"https:\/\/weider.es\/it\/wp-json\/wp\/v2\/media?parent=54427"}],"wp:term":[{"taxonomy":"product_cat","embeddable":true,"href":"https:\/\/weider.es\/it\/wp-json\/wp\/v2\/product_cat?post=54427"},{"taxonomy":"product_tag","embeddable":true,"href":"https:\/\/weider.es\/it\/wp-json\/wp\/v2\/product_tag?post=54427"}],"curies":[{"name":"wp","href":"https:\/\/api.w.org\/{rel}","templated":true}]}}