{"id":54428,"date":"2024-07-30T10:19:10","date_gmt":"2024-07-30T08:19:10","guid":{"rendered":"https:\/\/weider.es\/product\/zzzma-night-60-caps\/"},"modified":"2024-10-17T10:28:37","modified_gmt":"2024-10-17T08:28:37","slug":"zzzma-night-capsulas","status":"publish","type":"product","link":"https:\/\/weider.es\/it\/prodotto\/zzzma-night-60-caps\/","title":{"rendered":"ZZZMA Night 60 Capsule"},"content":{"rendered":"<p>Una quantit\u00e0 sufficiente di sonno profondo e riposante \u00e8 essenziale per il benessere, oltre che per la salute fisica e mentale.<\/p>\n<p>Al giorno d'oggi, la vita quotidiana \u00e8 piena di vari fattori di stress che rendono difficile rilassarsi, calmarsi, addormentarsi e dormire una notte intera.<br \/>\nnotte senza interruzioni. Sebbene i sonniferi farmaceutici possano essere in qualche modo efficaci nel breve periodo, spesso hanno effetti collaterali indesiderati e non dovrebbero essere assunti a lungo termine. Le nostre capsule zzZMA Night contengono solo ingredienti naturali e sono specificamente formulate per essere assunte prima di andare a letto.<\/p>\n<p>Grazie all'origine naturale di tutti gli ingredienti, le nostre capsule zzZMA Night non causano dipendenza o sonnolenza il giorno successivo.<\/p>\n<p>DailyZz \u00e8 una miscela clinicamente studiata di estratto di menta e di t\u00e8 verde che contiene un'elevata quantit\u00e0 di acido rosmarinico e altri preziosi polifenoli. Ogni dose delle nostre capsule zzZMA Night fornisce inoltre 0,5 mg dell'ormone del sonno presente in natura, il <a href=\"https:\/\/weider.es\/it\/prodotto\/melatonina\/\">melatonina<\/a>e 100 mg di quercetina, che favorisce l'effetto della melatonina.<\/p>\n<p>Inoltre, \u00e8 stato aggiunto il noto potenziatore biologico AstraGin\u00ae per migliorare l'assorbimento degli altri ingredienti, per un'efficacia ottimale.<\/p>\n<p>Infine, zzZMA fornisce i minerali zinco, magnesio e rame in forme organiche altamente biodisponibili.<\/p>\n<p>Si consiglia di assumere una dose di zzZMA circa 20-30 minuti prima di andare a dormire.<\/p>\n<p>La missione di WEIDER \u00e8 quella di fornirvi i migliori integratori alimentari per permettervi di dare il meglio di voi stessi, di vivere una vita sana e di raggiungere i vostri obiettivi personali. Con oltre 85 anni di esperienza nel settore, comprendiamo l'importanza di utilizzare solo ingredienti di altissima qualit\u00e0 e fiducia in tutti i nostri prodotti.<\/p>","protected":false},"excerpt":{"rendered":"<p>Con la melatonina, l'ormone del sonno naturale dell'organismo.<\/p>\n<p>Tra cui DailyZz\u2122 e AstraGin\u00ae di alta qualit\u00e0.<\/p>\n<p>Fornisce forme biodisponibili di zinco, magnesio e rame.<\/p>","protected":false},"featured_media":53609,"template":"","meta":{"inline_featured_image":false},"product_cat":[4853,15],"product_tag":[],"acf":[],"_links":{"self":[{"href":"https:\/\/weider.es\/it\/wp-json\/wp\/v2\/product\/54428"}],"collection":[{"href":"https:\/\/weider.es\/it\/wp-json\/wp\/v2\/product"}],"about":[{"href":"https:\/\/weider.es\/it\/wp-json\/wp\/v2\/types\/product"}],"wp:featuredmedia":[{"embeddable":true,"href":"https:\/\/weider.es\/it\/wp-json\/wp\/v2\/media\/53609"}],"wp:attachment":[{"href":"https:\/\/weider.es\/it\/wp-json\/wp\/v2\/media?parent=54428"}],"wp:term":[{"taxonomy":"product_cat","embeddable":true,"href":"https:\/\/weider.es\/it\/wp-json\/wp\/v2\/product_cat?post=54428"},{"taxonomy":"product_tag","embeddable":true,"href":"https:\/\/weider.es\/it\/wp-json\/wp\/v2\/product_tag?post=54428"}],"curies":[{"name":"wp","href":"https:\/\/api.w.org\/{rel}","templated":true}]}}