{"id":54431,"date":"2024-07-30T10:19:10","date_gmt":"2024-07-30T08:19:10","guid":{"rendered":"https:\/\/weider.es\/product\/all-day-energy\/"},"modified":"2024-10-17T10:28:38","modified_gmt":"2024-10-17T08:28:38","slug":"all-day-energy","status":"publish","type":"product","link":"https:\/\/weider.es\/it\/prodotto\/all-day-energy\/","title":{"rendered":"Energia per tutto il giorno"},"content":{"rendered":"<div>\n<div>Sia le vitamine che i minerali sono nutrienti essenziali. Per questo motivo l'integrazione \u00e8 essenziale per gli atleti, in quanto il loro fabbisogno calorico (energetico) \u00e8 maggiore e quindi anche l'apporto di vitamine e minerali, perch\u00e9, ad esempio, perdono pi\u00f9 minerali attraverso la sudorazione; inoltre, a causa dello sforzo fisico, il loro fabbisogno metabolico \u00e8 maggiore e quindi anche il fabbisogno vitaminico. Inoltre, All Day Energy fornisce un'importante protezione antiossidante, perch\u00e9 le vitamine A, C, E, il minerale selenio e l'EGCG del t\u00e8 verde agiscono come potenti antiossidanti. Ma qual \u00e8 la funzione degli antiossidanti? Ebbene, quella di prevenire i danni che possono essere causati dai radicali liberi che si formano durante l'esercizio fisico intenso. Questi danni provocano indolenzimento e gonfiore muscolare, rallentano il recupero del glicogeno, possono causare danni al DNA, riducono la capacit\u00e0 aerobica e quindi le prestazioni muscolari. - I minerali hanno funzioni regolatrici e fanno parte della struttura di molti tessuti: costituiscono ossa e denti, controllano i fluidi corporei, fanno parte di enzimi e ormoni coinvolti nel metabolismo e alcuni sono antiossidanti. - Le vitamine sono di grande importanza per il mantenimento della salute, poich\u00e9 la loro mancanza \u00e8 causa di malattie. Sono inoltre essenziali per gli atleti perch\u00e9 sono coinvolte nel metabolismo energetico e, come gi\u00e0 detto, alcune di esse sono potenti antiossidanti (A, C ed E).<\/div>\n<\/div>","protected":false},"excerpt":{"rendered":"<p>Con 12 vitamine, 6 minerali e gli antiossidanti del t\u00e8 verde.<br \/>\nAumenta la resistenza e garantisce il fabbisogno giornaliero<\/p>","protected":false},"featured_media":54924,"template":"","meta":{"inline_featured_image":false},"product_cat":[4845],"product_tag":[],"acf":[],"_links":{"self":[{"href":"https:\/\/weider.es\/it\/wp-json\/wp\/v2\/product\/54431"}],"collection":[{"href":"https:\/\/weider.es\/it\/wp-json\/wp\/v2\/product"}],"about":[{"href":"https:\/\/weider.es\/it\/wp-json\/wp\/v2\/types\/product"}],"wp:featuredmedia":[{"embeddable":true,"href":"https:\/\/weider.es\/it\/wp-json\/wp\/v2\/media\/54924"}],"wp:attachment":[{"href":"https:\/\/weider.es\/it\/wp-json\/wp\/v2\/media?parent=54431"}],"wp:term":[{"taxonomy":"product_cat","embeddable":true,"href":"https:\/\/weider.es\/it\/wp-json\/wp\/v2\/product_cat?post=54431"},{"taxonomy":"product_tag","embeddable":true,"href":"https:\/\/weider.es\/it\/wp-json\/wp\/v2\/product_tag?post=54431"}],"curies":[{"name":"wp","href":"https:\/\/api.w.org\/{rel}","templated":true}]}}