{"id":54432,"date":"2024-07-30T10:19:10","date_gmt":"2024-07-30T08:19:10","guid":{"rendered":"https:\/\/weider.es\/product\/mgb6\/"},"modified":"2024-10-17T10:28:38","modified_gmt":"2024-10-17T08:28:38","slug":"mgb6","status":"publish","type":"product","link":"https:\/\/weider.es\/it\/prodotto\/mgb6\/","title":{"rendered":"MGB6"},"content":{"rendered":"<p>MgB6 di Victory Endurance \u00e8 un prodotto a base di magnesio e vitamina B6, combinati nelle giuste dosi per una maggiore efficacia. \u00c8 consigliato a tutti i tipi di atleti, sia di forza che di resistenza, soprattutto a questi ultimi in quanto i loro livelli di magnesio possono diminuire a causa della grande usura fisica che queste discipline richiedono. I suoi ingredienti agiscono come segue:<br \/>\n-<br \/>\nIl magnesio \u00e8 essenziale per la funzione muscolare e funge da cofattore per molti enzimi cellulari. Insieme al calcio, partecipa ai meccanismi di contrazione\/rilassamento muscolare e alla coagulazione del sangue (il calcio li promuove e il magnesio li inibisce). L'integrazione di Mg \u00e8 essenziale per gli atleti in generale e per quelli di resistenza in particolare, poich\u00e9 perdono pi\u00f9 Mg attraverso la sudorazione e lo sforzo fisico, il che pu\u00f2 portare a crampi muscolari, che aumentano con la perdita di potassio e altri sali minerali (elettroliti). Inoltre, le capsule di MgB6 sono realizzate con magnesio citrato, che ha dimostrato di essere il pi\u00f9 facilmente assorbito e assimilato dai muscoli*.<br \/>\n-<br \/>\nLa vitamina B6 \u00e8 coinvolta nel metabolismo delle proteine e degli acidi grassi, in quanto fa parte di diversi enzimi, e partecipa alla formazione dell'emoglobina e della mioglobina, aumentando cos\u00ec la resistenza aerobica. Il suo utilizzo con il magnesio \u00e8 essenziale perch\u00e9 migliora l'assorbimento digestivo e la fissazione del magnesio nelle cellule. Inoltre, aiuta il nostro organismo a prevenire le perdite di magnesio, molto frequenti tra gli sportivi.<\/p>","protected":false},"excerpt":{"rendered":"<p>Previene l'insorgere di crampi muscolari<br \/>\n. Combinazione unica per potenziarne gli effetti. Aumenta e migliora la funzione muscolare.<\/p>","protected":false},"featured_media":55107,"template":"","meta":{"inline_featured_image":false},"product_cat":[4782],"product_tag":[],"acf":[],"_links":{"self":[{"href":"https:\/\/weider.es\/it\/wp-json\/wp\/v2\/product\/54432"}],"collection":[{"href":"https:\/\/weider.es\/it\/wp-json\/wp\/v2\/product"}],"about":[{"href":"https:\/\/weider.es\/it\/wp-json\/wp\/v2\/types\/product"}],"wp:featuredmedia":[{"embeddable":true,"href":"https:\/\/weider.es\/it\/wp-json\/wp\/v2\/media\/55107"}],"wp:attachment":[{"href":"https:\/\/weider.es\/it\/wp-json\/wp\/v2\/media?parent=54432"}],"wp:term":[{"taxonomy":"product_cat","embeddable":true,"href":"https:\/\/weider.es\/it\/wp-json\/wp\/v2\/product_cat?post=54432"},{"taxonomy":"product_tag","embeddable":true,"href":"https:\/\/weider.es\/it\/wp-json\/wp\/v2\/product_tag?post=54432"}],"curies":[{"name":"wp","href":"https:\/\/api.w.org\/{rel}","templated":true}]}}