{"id":54446,"date":"2024-07-30T10:56:48","date_gmt":"2024-07-30T08:56:48","guid":{"rendered":"https:\/\/weider.es\/product\/energy-gummie\/"},"modified":"2025-01-13T13:09:26","modified_gmt":"2025-01-13T12:09:26","slug":"energy-gummy","status":"publish","type":"product","link":"https:\/\/weider.es\/it\/prodotto\/energy-gummie\/","title":{"rendered":"Energy Gummy"},"content":{"rendered":"<p>GOMMINE ENERGETICHE ALLA CAFFEINA<br \/>\nGuaran\u00e0 e Taurina<br \/>\nSenza zucchero<br \/>\nSenza allergeni<\/p>\n<p>La caffeina \u00e8 una sostanza presente in piante come il caff\u00e8, il t\u00e8 e il guaran\u00e0, nota per ridurre la stanchezza fisica e mentale, migliorare la concentrazione e fornire velocit\u00e0 e chiarezza mentale. Le nostre Energy Gummy sono un modo facile e delizioso di assumere caffeina, con 61 mg per porzione, equivalenti a una tazzina e mezza di caff\u00e8.<\/p>\n<p>Benefici e caratteristiche delle Gomme energetiche:<br \/>\nCaffeina: 61 mg per porzione, fornisce uno stimolo equivalente a una tazzina e mezza di caff\u00e8.<br \/>\nTaurina ed estratto di guaran\u00e0: potenziano l'effetto stimolante della caffeina.<br \/>\nMix di vitamine: comprende le vitamine C, B5, B6 e B12, che agiscono in sinergia con il guaran\u00e0 per aumentare la vigilanza e ridurre la stanchezza.<br \/>\nA basso contenuto calorico: solo 38 calorie per porzione, senza grassi.<br \/>\nSenza zucchero e senza allergeni: adatto a diverse esigenze dietetiche.<br \/>\nFacile digestione: prodotto di rapida assimilazione.<\/p>\n<p>Istruzioni per l'uso:<br \/>\nAssumere 8 gommine in qualsiasi momento della giornata per avere pi\u00f9 energia.<\/p>","protected":false},"excerpt":{"rendered":"<p>GOMMINE ENERGETICHE ALLA CAFFEINA<br \/>\nGuaran\u00e0 e Taurina<br \/>\nSenza zucchero<br \/>\nSenza allergeni<\/p>","protected":false},"featured_media":54553,"template":"","meta":{"inline_featured_image":false},"product_cat":[4792,4783],"product_tag":[],"acf":[],"_links":{"self":[{"href":"https:\/\/weider.es\/it\/wp-json\/wp\/v2\/product\/54446"}],"collection":[{"href":"https:\/\/weider.es\/it\/wp-json\/wp\/v2\/product"}],"about":[{"href":"https:\/\/weider.es\/it\/wp-json\/wp\/v2\/types\/product"}],"wp:featuredmedia":[{"embeddable":true,"href":"https:\/\/weider.es\/it\/wp-json\/wp\/v2\/media\/54553"}],"wp:attachment":[{"href":"https:\/\/weider.es\/it\/wp-json\/wp\/v2\/media?parent=54446"}],"wp:term":[{"taxonomy":"product_cat","embeddable":true,"href":"https:\/\/weider.es\/it\/wp-json\/wp\/v2\/product_cat?post=54446"},{"taxonomy":"product_tag","embeddable":true,"href":"https:\/\/weider.es\/it\/wp-json\/wp\/v2\/product_tag?post=54446"}],"curies":[{"name":"wp","href":"https:\/\/api.w.org\/{rel}","templated":true}]}}