{"id":54507,"date":"2024-07-30T10:56:48","date_gmt":"2024-07-30T08:56:48","guid":{"rendered":"https:\/\/weider.es\/product\/collagen-2\/"},"modified":"2025-01-17T13:29:56","modified_gmt":"2025-01-17T12:29:56","slug":"gominolas-colageno","status":"publish","type":"product","link":"https:\/\/weider.es\/it\/prodotto\/collagen-2\/","title":{"rendered":"Gomme al collagene"},"content":{"rendered":"<p>Le Gomme al Collagene di Weider sono progettate per sostenere la produzione di <a href=\"https:\/\/weider.es\/it\/colagenos\/\">collagene<\/a> nell'organismo, una proteina fondamentale per l'elasticit\u00e0 e la rigenerazione di pelle, ossa e cartilagini. Con l'avanzare dell'et\u00e0, la nostra capacit\u00e0 naturale di sintetizzare il collagene diminuisce, quindi questi integratori sono ideali per compensare questa perdita.<\/p>\n<p>Gli ingredienti delle Gomme al Collagene sono stati accuratamente selezionati per stimolare la produzione di <a href=\"https:\/\/weider.es\/it\/prodotto\/collagen\/\">collagene<\/a> e aiuta a prevenire la degenerazione di ossa e cartilagini. Inoltre, la sua formula senza zucchero \u00e8 eccezionale per proteggere la pelle dall'invecchiamento e dai danni ossidativi, mantenendola liscia e giovane pi\u00f9 a lungo.<\/p>\n<p>Siete a <a href=\"https:\/\/weider.es\/it\/gominolas\/\">gelatine<\/a> sono arricchiti di vitamina C, essenziale per la corretta formazione delle fibre di collagene. La vitamina C agisce anche come potente antiossidante che protegge le cellule della pelle, della cartilagine e delle ossa dai danni ossidativi.<\/p>","protected":false},"excerpt":{"rendered":"<p>Collagene idrolizzato (1.000 mg).<br \/>\nCon vitamina C.<br \/>\nSenza zucchero e senza glutine.<\/p>","protected":false},"featured_media":55560,"template":"","meta":{"inline_featured_image":false},"product_cat":[4792,4849,4852,4783],"product_tag":[],"acf":[],"_links":{"self":[{"href":"https:\/\/weider.es\/it\/wp-json\/wp\/v2\/product\/54507"}],"collection":[{"href":"https:\/\/weider.es\/it\/wp-json\/wp\/v2\/product"}],"about":[{"href":"https:\/\/weider.es\/it\/wp-json\/wp\/v2\/types\/product"}],"wp:featuredmedia":[{"embeddable":true,"href":"https:\/\/weider.es\/it\/wp-json\/wp\/v2\/media\/55560"}],"wp:attachment":[{"href":"https:\/\/weider.es\/it\/wp-json\/wp\/v2\/media?parent=54507"}],"wp:term":[{"taxonomy":"product_cat","embeddable":true,"href":"https:\/\/weider.es\/it\/wp-json\/wp\/v2\/product_cat?post=54507"},{"taxonomy":"product_tag","embeddable":true,"href":"https:\/\/weider.es\/it\/wp-json\/wp\/v2\/product_tag?post=54507"}],"curies":[{"name":"wp","href":"https:\/\/api.w.org\/{rel}","templated":true}]}}