{"id":54695,"date":"2024-07-30T12:10:05","date_gmt":"2024-07-30T10:10:05","guid":{"rendered":"https:\/\/weider.es\/product\/sauce-zero\/"},"modified":"2024-10-17T10:29:16","modified_gmt":"2024-10-17T08:29:16","slug":"sauce-zero","status":"publish","type":"product","link":"https:\/\/weider.es\/it\/prodotto\/sauce-zero\/","title":{"rendered":"Salice Zero"},"content":{"rendered":"<p>Vi presentiamo le nuove salse 0% di Weider, una nuova opzione salata con tutto il sapore delle salse tradizionali, ma senza zucchero, grassi e calorie. Disponibili in 4 gusti: ketchup, curry, barbecue e caesar. Permettono di insaporire un'ampia gamma di piatti e ricette. Anche se avete deciso di eliminare dalla vostra dieta gli alimenti calorici, grassi e ricchi di zuccheri, grazie alla loro composizione potrete gustare ogni giorno cibi sani senza rinunciare al piacere: -Zero zucchero: lo zucchero \u00e8 uno degli ingredienti principali della maggior parte delle salse, anche di quelle salate, nonch\u00e9 l'ingrediente proibito se volete seguire la vostra dieta. Con le salse 0% non dovrete pi\u00f9 preoccuparvi, perch\u00e9 contengono zero zuccheri. -Zero grassi: nessuno dei 4 gusti aggiunge un grammo di grassi alla vostra dieta, perfetti per condire le insalate o il pesce alla griglia che avete mangiato a cena! -Praticamente zero calorie: ogni porzione contiene circa 1 kcal*, film! -100% Sapore: sono spettacolari... e non abbiamo molto altro da dire, \u00e8 meglio che lo vediate voi stessi! Inoltre, \u00e8 disponibile in un pratico contenitore antigoccia, che ne facilita la conservazione e lo stoccaggio. Weider vi aiuta a mangiare bene.<\/p>","protected":false},"excerpt":{"rendered":"<p>- Zero zucchero<br \/>\n- Zero grassi<br \/>\n- 100% Sapore<\/p>","protected":false},"featured_media":54696,"template":"","meta":{"inline_featured_image":false},"product_cat":[4797,4781],"product_tag":[],"acf":[],"_links":{"self":[{"href":"https:\/\/weider.es\/it\/wp-json\/wp\/v2\/product\/54695"}],"collection":[{"href":"https:\/\/weider.es\/it\/wp-json\/wp\/v2\/product"}],"about":[{"href":"https:\/\/weider.es\/it\/wp-json\/wp\/v2\/types\/product"}],"wp:featuredmedia":[{"embeddable":true,"href":"https:\/\/weider.es\/it\/wp-json\/wp\/v2\/media\/54696"}],"wp:attachment":[{"href":"https:\/\/weider.es\/it\/wp-json\/wp\/v2\/media?parent=54695"}],"wp:term":[{"taxonomy":"product_cat","embeddable":true,"href":"https:\/\/weider.es\/it\/wp-json\/wp\/v2\/product_cat?post=54695"},{"taxonomy":"product_tag","embeddable":true,"href":"https:\/\/weider.es\/it\/wp-json\/wp\/v2\/product_tag?post=54695"}],"curies":[{"name":"wp","href":"https:\/\/api.w.org\/{rel}","templated":true}]}}