{"id":54706,"date":"2024-07-30T12:10:05","date_gmt":"2024-07-30T10:10:05","guid":{"rendered":"https:\/\/weider.es\/product\/protein-bread\/"},"modified":"2024-10-17T10:29:16","modified_gmt":"2024-10-17T08:29:16","slug":"protein-bread","status":"publish","type":"product","link":"https:\/\/weider.es\/it\/prodotto\/pane-proteico\/","title":{"rendered":"Pane proteico"},"content":{"rendered":"<div>\n<div>Il Pane Proteico Weider \u00e8 un delizioso pane pronto al consumo. Per offrirvi un pane ricco di proteine e povero di carboidrati e zuccheri, utilizziamo le pi\u00f9 recenti tecnologie dell'industria alimentare, che ci permettono anche di fare a meno di oli o grassi idrogenati aggiuntivi, cos\u00ec potrete finalmente gustare il pane senza rimorsi! I suoi ingredienti selezionati, come le proteine del grano, del pisello e del latte, insieme alla farina di segale e al suo mix di semi (lino integrale, lino dorato, semi di girasole e semi di sesamo), gli conferiscono una composizione nutrizionale unica e molto sana.<\/div>\n<div>Il contenuto proteico del pane proteico Weider \u00e8 paragonabile a quello della carne o del pollo, ed \u00e8 quindi perfetto per gli atleti. 100 grammi di Weider Protein Bread forniscono solo 7,4 g di carboidrati, il che lo rende perfetto per le diete per il controllo del peso, per la definizione o per chi deve limitare l'assunzione di carboidrati. Infine, i suoi grassi sono salutari per il cuore, poich\u00e9 provengono esclusivamente dai suoi semi, ricchi di grassi monoinsaturi e polinsaturi. Per tutti questi motivi, il Pane Proteico Weider \u00e8 perfetto per qualsiasi persona e per qualsiasi obiettivo.<\/div>\n<div>Grazie alla comoda confezione da 5 fette, mantiene intatte le sue propriet\u00e0 ed \u00e8 perfetto da portare con s\u00e9.<\/div>\n<\/div>","protected":false},"excerpt":{"rendered":"<p>Alto contenuto di proteine (22 %)<br \/>\n130 Kcal per fetta<br \/>\nNuovo gusto di carota<\/p>","protected":false},"featured_media":54707,"template":"","meta":{"inline_featured_image":false},"product_cat":[4797],"product_tag":[],"acf":[],"_links":{"self":[{"href":"https:\/\/weider.es\/it\/wp-json\/wp\/v2\/product\/54706"}],"collection":[{"href":"https:\/\/weider.es\/it\/wp-json\/wp\/v2\/product"}],"about":[{"href":"https:\/\/weider.es\/it\/wp-json\/wp\/v2\/types\/product"}],"wp:featuredmedia":[{"embeddable":true,"href":"https:\/\/weider.es\/it\/wp-json\/wp\/v2\/media\/54707"}],"wp:attachment":[{"href":"https:\/\/weider.es\/it\/wp-json\/wp\/v2\/media?parent=54706"}],"wp:term":[{"taxonomy":"product_cat","embeddable":true,"href":"https:\/\/weider.es\/it\/wp-json\/wp\/v2\/product_cat?post=54706"},{"taxonomy":"product_tag","embeddable":true,"href":"https:\/\/weider.es\/it\/wp-json\/wp\/v2\/product_tag?post=54706"}],"curies":[{"name":"wp","href":"https:\/\/api.w.org\/{rel}","templated":true}]}}