{"id":54741,"date":"2024-07-30T12:12:41","date_gmt":"2024-07-30T10:12:41","guid":{"rendered":"https:\/\/weider.es\/product\/vegan-protein-wafer-bar\/"},"modified":"2025-01-09T14:43:10","modified_gmt":"2025-01-09T13:43:10","slug":"vegan-protein-wafer-bar","status":"publish","type":"product","link":"https:\/\/weider.es\/it\/prodotto\/vegan-protein-wafer-bar\/","title":{"rendered":"Barretta di wafer proteico vegano"},"content":{"rendered":"<div>\n<div>Avete fame e voglia di qualcosa di dolce, ma non sapete cosa? Abbiamo il prodotto che fa per voi! Una barretta di wafer con 30% di proteine, senza olio di palma, con aromi naturali e una croccante copertura di cioccolato fondente. Se volete inserire nella vostra dieta prodotti contenenti proteine vegane di qualit\u00e0... ecco la soluzione!<\/div>\n<div>La proteina del pisello, grazie alla sua eccellente composizione aminoacidica, \u00e8 la migliore proteina vegetale che si possa utilizzare, offrendo un valore nutrizionale paragonabile a quello delle proteine del siero del latte. Inoltre, la nostra barretta contiene anche proteine del riso che, combinate con le proteine dei legumi, forniscono una proteina ad alto valore biologico e facilmente digeribile. Ci impegniamo inoltre a rendere le nostre barrette accessibili a tutti, da qui lo sviluppo di questo nuovo wafer vegano!<\/div>\n<div>Abbiamo due gusti deliziosi: cioccolato salato e ananas e cocco. Se il vostro obiettivo \u00e8 quello di tonificare, aumentare la massa muscolare o addirittura perdere peso, questo \u00e8 il modo ideale per raggiungere il vostro scopo. Ogni momento \u00e8 buono per gustare questa deliziosa barretta, che pu\u00f2 essere assunta dopo un allenamento intenso o anche come spuntino tra i pasti. Provatela, la ripeterete di sicuro!<\/div>\n<\/div>","protected":false},"excerpt":{"rendered":"<p>30% Proteina ad alto valore biologico, facilmente digeribile<br \/>\nVegano<br \/>\nDos sabores: chocolate salado y pi\u00f1a \u2013 coco<\/p>","protected":false},"featured_media":54909,"template":"","meta":{"inline_featured_image":false},"product_cat":[4781,4779],"product_tag":[],"acf":[],"_links":{"self":[{"href":"https:\/\/weider.es\/it\/wp-json\/wp\/v2\/product\/54741"}],"collection":[{"href":"https:\/\/weider.es\/it\/wp-json\/wp\/v2\/product"}],"about":[{"href":"https:\/\/weider.es\/it\/wp-json\/wp\/v2\/types\/product"}],"wp:featuredmedia":[{"embeddable":true,"href":"https:\/\/weider.es\/it\/wp-json\/wp\/v2\/media\/54909"}],"wp:attachment":[{"href":"https:\/\/weider.es\/it\/wp-json\/wp\/v2\/media?parent=54741"}],"wp:term":[{"taxonomy":"product_cat","embeddable":true,"href":"https:\/\/weider.es\/it\/wp-json\/wp\/v2\/product_cat?post=54741"},{"taxonomy":"product_tag","embeddable":true,"href":"https:\/\/weider.es\/it\/wp-json\/wp\/v2\/product_tag?post=54741"}],"curies":[{"name":"wp","href":"https:\/\/api.w.org\/{rel}","templated":true}]}}