{"id":54765,"date":"2024-07-30T12:20:43","date_gmt":"2024-07-30T10:20:43","guid":{"rendered":"https:\/\/weider.es\/product\/oat-gourmet-flour-harina-de-avena\/"},"modified":"2025-06-20T10:09:45","modified_gmt":"2025-06-20T08:09:45","slug":"harina-de-avena-gourmet","status":"publish","type":"product","link":"https:\/\/weider.es\/it\/prodotto\/oat-gourmet-flour-harina-de-avena\/","title":{"rendered":"Farina d'avena gourmet"},"content":{"rendered":"<div>\n<div>La harina de avena es un alimento natural completo y nutritivo, que aporta energ\u00eda, prote\u00ednas, fibra, vitaminas y minerales. Weider Gourmet Oat Flour es harina de avena instant\u00e1nea de calidad superior, obtenida de granos enteros de avena no OMG y sin az\u00facares a\u00f1adidos.<\/div>\n<div>La farina d'avena Gourmet pu\u00f2 essere utilizzata per preparare frullati di carboidrati in qualsiasi momento della giornata, quando si ha bisogno di energia extra, e per realizzare ricette sane, ricche di gusto e molto nutrienti. La farina d'avena fornisce carboidrati complessi naturali e un contenuto di zuccheri molto basso. Inoltre, il suo elevato contenuto di fibre ritarda la digestione degli amidi e l'assorbimento del glucosio nel sangue. Ci\u00f2 la rende uno dei modi pi\u00f9 salutari di consumare carboidrati.<\/div>\n<div>La farina d'avena Weider Gourmet fornisce proteine di origine vegetale e solo 7,1 % di grassi, con un basso contenuto di grassi saturi e soprattutto grassi mono e polinsaturi. Per aiutarvi a curare la vostra linea, la vostra salute e il vostro cuore.<\/div>\n<\/div>","protected":false},"excerpt":{"rendered":"<p>A basso contenuto di zuccheri.<br \/>\nFonte di proteine.<br \/>\nSapori deliziosi.<\/p>","protected":false},"featured_media":55213,"template":"","meta":{"inline_featured_image":false},"product_cat":[4797],"product_tag":[],"acf":[],"_links":{"self":[{"href":"https:\/\/weider.es\/it\/wp-json\/wp\/v2\/product\/54765"}],"collection":[{"href":"https:\/\/weider.es\/it\/wp-json\/wp\/v2\/product"}],"about":[{"href":"https:\/\/weider.es\/it\/wp-json\/wp\/v2\/types\/product"}],"wp:featuredmedia":[{"embeddable":true,"href":"https:\/\/weider.es\/it\/wp-json\/wp\/v2\/media\/55213"}],"wp:attachment":[{"href":"https:\/\/weider.es\/it\/wp-json\/wp\/v2\/media?parent=54765"}],"wp:term":[{"taxonomy":"product_cat","embeddable":true,"href":"https:\/\/weider.es\/it\/wp-json\/wp\/v2\/product_cat?post=54765"},{"taxonomy":"product_tag","embeddable":true,"href":"https:\/\/weider.es\/it\/wp-json\/wp\/v2\/product_tag?post=54765"}],"curies":[{"name":"wp","href":"https:\/\/api.w.org\/{rel}","templated":true}]}}