{"id":54804,"date":"2024-07-30T12:33:36","date_gmt":"2024-07-30T10:33:36","guid":{"rendered":"https:\/\/weider.es\/product\/beauty\/"},"modified":"2025-01-22T17:10:45","modified_gmt":"2025-01-22T16:10:45","slug":"beauty","status":"publish","type":"product","link":"https:\/\/weider.es\/it\/prodotto\/beauty\/","title":{"rendered":"Bellezza"},"content":{"rendered":"<p>Se il vostro obiettivo \u00e8 quello di prendervi cura della vostra pelle, dei vostri capelli e delle vostre unghie, ma per farlo ci vuole molto tempo e impegno.<br \/>\nabbiamo la soluzione, perch\u00e9 con le Weider Beauty Gummies<br \/>\npotete ottenerlo!<br \/>\nIn sole 2 caramelle gommose c'\u00e8 tutto quello che serve per rinforzare il vostro<br \/>\ncapelli e unghie, e curare la pelle nel modo pi\u00f9 confortevole e delizioso. Con questa formula<br \/>\nantiet\u00e0, grazie ai suoi principi attivi, \u00e8 possibile ottenere una maggiore sensazione di idratazione.<br \/>\ne l'elasticit\u00e0 della pelle, in quanto la sua formula contiene:<br \/>\n- Biotina: come ingrediente principale, con una dose potente di 2.500 mcg al giorno.<br \/>\nCi\u00f2 contribuir\u00e0 a mantenere i capelli e la pelle pi\u00f9 sani.<br \/>\n- Collagene idrolizzato: tra i suoi innumerevoli benefici possiamo trovare<br \/>\ndi fornire una struttura elastica alla pelle e di rafforzare le ossa.<br \/>\n- Acido ialuronico: la cui funzione principale \u00e8 quella di trattenere l'acqua per fornire all'organismo<br \/>\nLa presenza naturale di queste sostanze nella pelle conferisce elasticit\u00e0 e lubrificazione ai tessuti,<br \/>\nIl tessuto connettivo e le ossa, che con il tempo perdono tonicit\u00e0 a causa della<br \/>\nche deve essere innestato.<br \/>\n- Coenzima Q10: antiossidante naturalmente presente nell'organismo.<br \/>\nche condivide con le vitamine del gruppo B le vie metaboliche. La sua quantit\u00e0 in<br \/>\nl'organismo diminuisce con l'invecchiamento e anche se la nostra attivit\u00e0<br \/>\nIl CoQ10 \u00e8 essenziale per il dispendio energetico giornaliero, in quanto il CoQ10 \u00e8 essenziale per<br \/>\ntrasformare i nutrienti in energia con l'aiuto dell'ossigeno.<br \/>\n- Vitamina C: \u00e8 la vitamina antiossidante per eccellenza, che contribuisce anche a<br \/>\nnormale formazione di collagene per la normale funzione ossea,<br \/>\ncartilagine, gengive, pelle e denti.<br \/>\n- Zinco: ha innumerevoli benefici, tra cui quello di contribuire al mantenimento della salute.<br \/>\ndei capelli, della pelle, delle unghie e delle ossa, ed \u00e8 anche un potente antiossidante in quanto<br \/>\ncontribuisce alla protezione delle cellule dal danno ossidativo.<br \/>\nCon le Beauty Gummies di Weider potrete dimenticare le fastidiose<br \/>\npillole anti-invecchiamento. Prendetevi cura di voi stessi in modo pi\u00f9 semplice e delizioso, senza nemmeno accorgervene.<\/p>","protected":false},"excerpt":{"rendered":"<p>Per la cura di pelle, capelli e unghie - Potente formula anti-et\u00e0 - Senza glutine e senza zucchero<\/p>","protected":false},"featured_media":54815,"template":"","meta":{"inline_featured_image":false},"product_cat":[4792,4783],"product_tag":[],"acf":[],"_links":{"self":[{"href":"https:\/\/weider.es\/it\/wp-json\/wp\/v2\/product\/54804"}],"collection":[{"href":"https:\/\/weider.es\/it\/wp-json\/wp\/v2\/product"}],"about":[{"href":"https:\/\/weider.es\/it\/wp-json\/wp\/v2\/types\/product"}],"wp:featuredmedia":[{"embeddable":true,"href":"https:\/\/weider.es\/it\/wp-json\/wp\/v2\/media\/54815"}],"wp:attachment":[{"href":"https:\/\/weider.es\/it\/wp-json\/wp\/v2\/media?parent=54804"}],"wp:term":[{"taxonomy":"product_cat","embeddable":true,"href":"https:\/\/weider.es\/it\/wp-json\/wp\/v2\/product_cat?post=54804"},{"taxonomy":"product_tag","embeddable":true,"href":"https:\/\/weider.es\/it\/wp-json\/wp\/v2\/product_tag?post=54804"}],"curies":[{"name":"wp","href":"https:\/\/api.w.org\/{rel}","templated":true}]}}