{"id":54827,"date":"2024-07-30T12:40:09","date_gmt":"2024-07-30T10:40:09","guid":{"rendered":"https:\/\/weider.es\/product\/ultraburner\/"},"modified":"2024-10-17T10:29:35","modified_gmt":"2024-10-17T08:29:35","slug":"ultraburner","status":"publish","type":"product","link":"https:\/\/weider.es\/it\/prodotto\/ultraburner\/","title":{"rendered":"Ultraburner"},"content":{"rendered":"<p>Ultra Burner \u00e8 una formula concentrata studiata per aiutarvi a raggiungere i vostri obiettivi di perdita di grasso e definizione muscolare. Contiene una combinazione di ingredienti chiave, tra cui:<\/p>\n<p>Caffeina: stimola la concentrazione, la reattivit\u00e0 e la termogenesi, aiutando a svolgere allenamenti pi\u00f9 intensi e a bruciare pi\u00f9 calorie.<\/p>\n<p>Cayenna: accelera naturalmente il metabolismo, contribuendo a bruciare i grassi.<\/p>\n<p>Estratto di t\u00e8 verde: ricco di ECGC, un polifenolo che aumenta il dispendio metabolico e potenzia l'effetto termogenico, aiutando a bruciare i grassi in modo pi\u00f9 efficiente.<\/p>\n<p>Cromo: contribuisce al normale metabolismo dei macronutrienti, compresi i grassi.<\/p>\n<p>Vitamina B6: favorisce il corretto metabolismo energetico.<\/p>\n<p>L-Carnitina: favorisce l'utilizzo dei grassi come fonte di energia, facilitando la riduzione dei depositi di grasso.<\/p>\n<p>L-tirosina: precursore di sostanze che regolano l'umore, coinvolto nel funzionamento del sistema nervoso e dell'umore, particolarmente importante durante la perdita di peso.<\/p>\n<p>L-triptofano: precursore della serotonina, favorisce il benessere e il rilassamento ed \u00e8 correlato al controllo dell'appetito, essendo fondamentale durante la combustione dei grassi.<\/p>\n<p>Estratto di naringina: Antiossidante che favorisce l'assorbimento di altri nutrienti.<\/p>\n<p>Estratto di pepe nero (Bioperine\u00ae): favorisce l'assorbimento e l'assimilazione degli ingredienti del prodotto.<\/p>\n<p>Ultra Burner \u00e8 disponibile in capsule vegetali facili da assumere ed \u00e8 il complemento perfetto per i periodi di perdita di grasso e definizione muscolare.<\/p>","protected":false},"excerpt":{"rendered":"<p>- Potente formula termogenica<br \/>\n- Con estratti vegetali e caffeina<br \/>\n- L-carnitina, cromo e vitamina B6<\/p>","protected":false},"featured_media":54828,"template":"","meta":{"inline_featured_image":false},"product_cat":[4785],"product_tag":[],"acf":[],"_links":{"self":[{"href":"https:\/\/weider.es\/it\/wp-json\/wp\/v2\/product\/54827"}],"collection":[{"href":"https:\/\/weider.es\/it\/wp-json\/wp\/v2\/product"}],"about":[{"href":"https:\/\/weider.es\/it\/wp-json\/wp\/v2\/types\/product"}],"wp:featuredmedia":[{"embeddable":true,"href":"https:\/\/weider.es\/it\/wp-json\/wp\/v2\/media\/54828"}],"wp:attachment":[{"href":"https:\/\/weider.es\/it\/wp-json\/wp\/v2\/media?parent=54827"}],"wp:term":[{"taxonomy":"product_cat","embeddable":true,"href":"https:\/\/weider.es\/it\/wp-json\/wp\/v2\/product_cat?post=54827"},{"taxonomy":"product_tag","embeddable":true,"href":"https:\/\/weider.es\/it\/wp-json\/wp\/v2\/product_tag?post=54827"}],"curies":[{"name":"wp","href":"https:\/\/api.w.org\/{rel}","templated":true}]}}