{"id":54839,"date":"2024-07-30T13:17:58","date_gmt":"2024-07-30T11:17:58","guid":{"rendered":"https:\/\/weider.es\/product\/bcaa-rtd-lima-limon\/"},"modified":"2024-10-17T10:29:36","modified_gmt":"2024-10-17T08:29:36","slug":"bcaa-rtd-lima-limon","status":"publish","type":"product","link":"https:\/\/weider.es\/it\/prodotto\/bcaa-rtd-lima-limon\/","title":{"rendered":"BCAA RTD Limone-Lime"},"content":{"rendered":"<p>BCAA RTD (Ready to Drink) di WEIDER \u00e8 una bevanda pronta da bere studiata per fornire la propria dose di aminoacidi a catena ramificata in modo pratico e piacevole. Questa bevanda perfetta offre 3,3 grammi di aminoacidi, 3 vitamine e non contiene carboidrati. Il suo formato la rende molto facile da portare con s\u00e9 e da bere in qualsiasi momento e ovunque.<\/p>\n<p>Gli ingredienti principali di BCAA RTD comprendono:<\/p>\n<p>Aminoacidi a catena ramificata (2:1:1): Leucina, isoleucina e valina, essenziali per la crescita e il mantenimento dei muscoli. Questi aminoacidi sono coinvolti nel recupero muscolare e aiutano a controllare la fatica. BCAA RTD fornisce 1500 mg di leucina, 750 mg di isoleucina e 750 mg di valina per 250 ml.<\/p>\n<p>L-alanil-L-Glutammina (Sustamine\u00ae): un dipeptide composto da alanina e glutammina che migliora la regolazione dei liquidi durante l'esercizio fisico prolungato, favorisce la reidratazione muscolare dopo l'esercizio e ritarda l'affaticamento durante l'esercizio ad alta intensit\u00e0. BCAA RTD fornisce 300 mg di Sustamine\u00ae per barattolo.<\/p>\n<p>Vitamina B6: contribuisce al corretto metabolismo delle proteine e del glicogeno, essenziale per il recupero muscolare e la riduzione della fatica.<\/p>\n<p>BCAA RTD \u00e8 a basso contenuto calorico, senza carboidrati n\u00e9 zuccheri, ed \u00e8 quindi perfetto per qualsiasi momento della giornata. \u00c8 ideale da consumare prima, durante e dopo l'allenamento, nonch\u00e9 ogni volta che si desidera una bevanda sana che fornisca aminoacidi supplementari. BCAA RTD \u00e8 adatto a tutti i tipi di atleti e individui, in particolare a chi vuole proteggere o aumentare la massa muscolare.<\/p>","protected":false},"excerpt":{"rendered":"<p>- 3 g di BCAA per porzione.<br \/>\n- Con 300 mg di L-Alanil-L-Glutammina (Sustamine\u00ae).<br \/>\n- Versione con e senza caffeina.<\/p>","protected":false},"featured_media":54869,"template":"","meta":{"inline_featured_image":false},"product_cat":[4777],"product_tag":[],"acf":[],"_links":{"self":[{"href":"https:\/\/weider.es\/it\/wp-json\/wp\/v2\/product\/54839"}],"collection":[{"href":"https:\/\/weider.es\/it\/wp-json\/wp\/v2\/product"}],"about":[{"href":"https:\/\/weider.es\/it\/wp-json\/wp\/v2\/types\/product"}],"wp:featuredmedia":[{"embeddable":true,"href":"https:\/\/weider.es\/it\/wp-json\/wp\/v2\/media\/54869"}],"wp:attachment":[{"href":"https:\/\/weider.es\/it\/wp-json\/wp\/v2\/media?parent=54839"}],"wp:term":[{"taxonomy":"product_cat","embeddable":true,"href":"https:\/\/weider.es\/it\/wp-json\/wp\/v2\/product_cat?post=54839"},{"taxonomy":"product_tag","embeddable":true,"href":"https:\/\/weider.es\/it\/wp-json\/wp\/v2\/product_tag?post=54839"}],"curies":[{"name":"wp","href":"https:\/\/api.w.org\/{rel}","templated":true}]}}