{"id":54840,"date":"2024-07-30T13:14:08","date_gmt":"2024-07-30T11:14:08","guid":{"rendered":"https:\/\/weider.es\/product\/l-glutamine\/"},"modified":"2024-10-17T10:29:36","modified_gmt":"2024-10-17T08:29:36","slug":"l-glutamine","status":"publish","type":"product","link":"https:\/\/weider.es\/it\/prodotto\/l-glutammina\/","title":{"rendered":"L-Glutammina"},"content":{"rendered":"<p>La L-Glutammina \u00e8 un aminoacido essenziale che svolge un ruolo importante nella sintesi proteica muscolare. La nostra L-Glutammina \u00e8<br \/>\nun integratore alimentare studiato per favorire il recupero muscolare e prevenire la disgregazione delle proteine muscolari.<\/p>\n<p>I principali benefici della nostra L-Glutammina WEIDER sono:<br \/>\nRecupero muscolare: la L-glutammina \u00e8 nota per la sua capacit\u00e0 di accelerare il recupero muscolare dopo l'esercizio, riducendo il rischio di cedimento muscolare.<br \/>\ndolori muscolari e affaticamento.<br \/>\n2. Supporto alla sintesi proteica: la l-glutammina aiuta a promuovere la crescita muscolare e la riparazione dei tessuti danneggiati.<br \/>\n3. Supporto al sistema immunitario: \u00e8 anche uno dei principali combustibili per le cellule del sistema immunitario e del tratto gastrointestinale, contribuendo a mantenere l'integrit\u00e0 della mucosa intestinale.<\/p>\n<p>Il nostro prodotto fornisce 5 grammi di L-glutammina per porzione; abbiamo scelto di utilizzare la L-glutammina di KyowaQuality per la sua elevata efficacia e per il suo alto livello di<br \/>\nqualit\u00e0 rispetto ad altri. \u00c8 un prodotto adatto a tutti i consumatori, in quanto vegano e senza zucchero.<\/p>\n<p>La L-Glutammina \u00e8 l'integratore ideale per completare la dieta di qualsiasi atleta che svolga attivit\u00e0 ad alto dispendio muscolare. Inoltre,<br \/>\nIl suo effetto sul sistema immunitario lo rende essenziale nei momenti in cui l'intensit\u00e0 dell'allenamento \u00e8 fisicamente e mentalmente impegnativa, il che pu\u00f2 portare a infezioni nell'atleta.<\/p>","protected":false},"excerpt":{"rendered":"<p>Effetto volumizzante.<br \/>\nProtezione muscolare.<br \/>\nAminoacido anticatabolico.<\/p>","protected":false},"featured_media":54862,"template":"","meta":{"inline_featured_image":false},"product_cat":[4777,4781],"product_tag":[],"acf":[],"_links":{"self":[{"href":"https:\/\/weider.es\/it\/wp-json\/wp\/v2\/product\/54840"}],"collection":[{"href":"https:\/\/weider.es\/it\/wp-json\/wp\/v2\/product"}],"about":[{"href":"https:\/\/weider.es\/it\/wp-json\/wp\/v2\/types\/product"}],"wp:featuredmedia":[{"embeddable":true,"href":"https:\/\/weider.es\/it\/wp-json\/wp\/v2\/media\/54862"}],"wp:attachment":[{"href":"https:\/\/weider.es\/it\/wp-json\/wp\/v2\/media?parent=54840"}],"wp:term":[{"taxonomy":"product_cat","embeddable":true,"href":"https:\/\/weider.es\/it\/wp-json\/wp\/v2\/product_cat?post=54840"},{"taxonomy":"product_tag","embeddable":true,"href":"https:\/\/weider.es\/it\/wp-json\/wp\/v2\/product_tag?post=54840"}],"curies":[{"name":"wp","href":"https:\/\/api.w.org\/{rel}","templated":true}]}}