{"id":54841,"date":"2024-07-30T13:14:08","date_gmt":"2024-07-30T11:14:08","guid":{"rendered":"https:\/\/weider.es\/product\/bcaal-glutamine-capsulas\/"},"modified":"2024-10-17T10:29:37","modified_gmt":"2024-10-17T08:29:37","slug":"bcaal-glutamine-capsulas","status":"publish","type":"product","link":"https:\/\/weider.es\/it\/prodotto\/bcaal-glutamine-capsulas\/","title":{"rendered":"BCAA+L-Glutammina (Capsule)"},"content":{"rendered":"<p>BCAA L-GLUTAMINE combina las propiedades regeneradoras y protectoras de los BCAA\u2019s y la L-Glutamina en un solo producto, con una proporci\u00f3n del 50% de cada uno.<\/p>\n<p>BCAA\u2019s: Previenen la p\u00e9rdida de masa muscular durante el entrenamiento y mejoran la fase de construcci\u00f3n muscular despu\u00e9s del mismo.<\/p>\n<p>L-Glutammina: aumenta l'ingresso di acqua nelle cellule muscolari, aumentandone il volume e la durezza, e accorcia i tempi di recupero, consentendo allenamenti pi\u00f9 intensi e frequenti.<\/p>\n<p>Questa combinazione di nutrienti fornisce un effetto di recupero altamente anabolico, mantenendo la forza e la massa muscolare durante la fase di definizione. Per migliorare l'assorbimento, si consiglia di assumere i BCAA L-GLUTAMINA con i carboidrati, soprattutto dopo l'allenamento durante la fase di volume o di costruzione muscolare.<\/p>","protected":false},"excerpt":{"rendered":"<p>Proporci\u00f3n ideal de amino\u00e1cidos (RECOVERY COMPLEX) 1800 mg L-Glutamina + 1800mg BCAA\u2019s por toma.<\/p>","protected":false},"featured_media":47721,"template":"","meta":{"inline_featured_image":false},"product_cat":[4777],"product_tag":[],"acf":[],"_links":{"self":[{"href":"https:\/\/weider.es\/it\/wp-json\/wp\/v2\/product\/54841"}],"collection":[{"href":"https:\/\/weider.es\/it\/wp-json\/wp\/v2\/product"}],"about":[{"href":"https:\/\/weider.es\/it\/wp-json\/wp\/v2\/types\/product"}],"wp:featuredmedia":[{"embeddable":true,"href":"https:\/\/weider.es\/it\/wp-json\/wp\/v2\/media\/47721"}],"wp:attachment":[{"href":"https:\/\/weider.es\/it\/wp-json\/wp\/v2\/media?parent=54841"}],"wp:term":[{"taxonomy":"product_cat","embeddable":true,"href":"https:\/\/weider.es\/it\/wp-json\/wp\/v2\/product_cat?post=54841"},{"taxonomy":"product_tag","embeddable":true,"href":"https:\/\/weider.es\/it\/wp-json\/wp\/v2\/product_tag?post=54841"}],"curies":[{"name":"wp","href":"https:\/\/api.w.org\/{rel}","templated":true}]}}