{"id":54845,"date":"2024-07-30T13:14:08","date_gmt":"2024-07-30T11:14:08","guid":{"rendered":"https:\/\/weider.es\/product\/amino-recovery\/"},"modified":"2024-10-17T10:29:38","modified_gmt":"2024-10-17T08:29:38","slug":"amino-recovery","status":"publish","type":"product","link":"https:\/\/weider.es\/it\/prodotto\/amino-recovery\/","title":{"rendered":"Recupero degli aminoacidi"},"content":{"rendered":"<p>Victory Endurance ha sviluppato AMINO RECOVERY per proteggere e accelerare il recupero dei tessuti muscolari, oltre a svolgere un'azione disintossicante. Questa formula combina:<\/p>\n<p>BCAA\u2019s: Leucina, Isoleucina y Valina, amino\u00e1cidos ramificados con propiedades energ\u00e9ticas y recuperadoras. Antes del entrenamiento, protegen la masa muscular y proporcionan energ\u00eda en deportes de resistencia. Despu\u00e9s del entrenamiento, aceleran la recuperaci\u00f3n muscular al reparar los da\u00f1os causados durante el ejercicio intenso.<\/p>\n<p>L-Arginina: partecipa ai processi di disintossicazione formando parte del ciclo dell'urea, essenziale per eliminare le tossine generate durante l'esercizio fisico. Durante l'allenamento, aumenta la vasodilatazione, migliorando il flusso sanguigno ai muscoli e facilitando il trasporto di ossigeno e nutrienti. Favorisce inoltre il recupero influenzando positivamente il metabolismo delle proteine.<\/p>\n<p>L-Glutammina: essenziale per la protezione e la riparazione del tessuto muscolare e per il recupero del glicogeno muscolare. Migliora la funzione immunitaria e previene la sindrome da sovrallenamento.<\/p>\n<p>Vitamina B6: fondamentale nel metabolismo degli aminoacidi e delle proteine.<\/p>\n<p>Questa combinazione di ingredienti aiuta a proteggere i muscoli, ad accelerare il recupero e a favorire la disintossicazione dopo un esercizio fisico intenso.<\/p>","protected":false},"excerpt":{"rendered":"<p>Protegge: BCAA + Glutammina.<br \/>\nRecupero: BCAA + Glutammina + L-Arginina.<br \/>\nDisintossica: grazie alla L-arginina.<\/p>","protected":false},"featured_media":47853,"template":"","meta":{"inline_featured_image":false},"product_cat":[4777],"product_tag":[],"acf":[],"_links":{"self":[{"href":"https:\/\/weider.es\/it\/wp-json\/wp\/v2\/product\/54845"}],"collection":[{"href":"https:\/\/weider.es\/it\/wp-json\/wp\/v2\/product"}],"about":[{"href":"https:\/\/weider.es\/it\/wp-json\/wp\/v2\/types\/product"}],"wp:featuredmedia":[{"embeddable":true,"href":"https:\/\/weider.es\/it\/wp-json\/wp\/v2\/media\/47853"}],"wp:attachment":[{"href":"https:\/\/weider.es\/it\/wp-json\/wp\/v2\/media?parent=54845"}],"wp:term":[{"taxonomy":"product_cat","embeddable":true,"href":"https:\/\/weider.es\/it\/wp-json\/wp\/v2\/product_cat?post=54845"},{"taxonomy":"product_tag","embeddable":true,"href":"https:\/\/weider.es\/it\/wp-json\/wp\/v2\/product_tag?post=54845"}],"curies":[{"name":"wp","href":"https:\/\/api.w.org\/{rel}","templated":true}]}}