{"id":54846,"date":"2024-07-30T13:14:08","date_gmt":"2024-07-30T11:14:08","guid":{"rendered":"https:\/\/weider.es\/product\/beta-alanine\/"},"modified":"2024-10-17T10:29:39","modified_gmt":"2024-10-17T08:29:39","slug":"beta-alanine","status":"publish","type":"product","link":"https:\/\/weider.es\/it\/prodotto\/beta-alanine\/","title":{"rendered":"Beta alanina"},"content":{"rendered":"<p>Integratore alimentare a base di Beta-alanina, un aminoacido non essenziale, unico per la particolare posizione del gruppo amminico, efficace come integratore ergogenico, in grado di aumentare la potenza muscolare e con un marcato effetto antiossidante.<\/p>\n<p>COME FUNZIONA LA BETA-ALANINA:<br \/>\n- La beta-alanina \u00e8 un aminoacido direttamente coinvolto nell'aumento della carnosina, un dipeptide presente nei muscoli e nel cervello, il cui rilascio nell'organismo determina una maggiore resistenza, una migliore contrazione muscolare e un ritardo nell'affaticamento.<br \/>\n- Previene l'iperacidit\u00e0 muscolare inibendo la produzione di acido lattico, aumentando cos\u00ec la capacit\u00e0 di prestazione.<br \/>\n- Buon regolatore di calcio, induce un rapido rilascio di calcio, migliorando la contrazione muscolare e aumentando il tempo di allenamento.<br \/>\n- Riduce lo stress ossidativo, con conseguente aumento delle prestazioni e accelerazione del recupero muscolare.<\/p>","protected":false},"excerpt":{"rendered":"<p>La beta-alanina \u00e8 un integratore alimentare composto da beta-alanina.<br \/>\nAumenta la resistenza e le prestazioni.<br \/>\nAccelera il recupero.<\/p>","protected":false},"featured_media":48249,"template":"","meta":{"inline_featured_image":false},"product_cat":[4782,4781],"product_tag":[],"acf":[],"_links":{"self":[{"href":"https:\/\/weider.es\/it\/wp-json\/wp\/v2\/product\/54846"}],"collection":[{"href":"https:\/\/weider.es\/it\/wp-json\/wp\/v2\/product"}],"about":[{"href":"https:\/\/weider.es\/it\/wp-json\/wp\/v2\/types\/product"}],"wp:featuredmedia":[{"embeddable":true,"href":"https:\/\/weider.es\/it\/wp-json\/wp\/v2\/media\/48249"}],"wp:attachment":[{"href":"https:\/\/weider.es\/it\/wp-json\/wp\/v2\/media?parent=54846"}],"wp:term":[{"taxonomy":"product_cat","embeddable":true,"href":"https:\/\/weider.es\/it\/wp-json\/wp\/v2\/product_cat?post=54846"},{"taxonomy":"product_tag","embeddable":true,"href":"https:\/\/weider.es\/it\/wp-json\/wp\/v2\/product_tag?post=54846"}],"curies":[{"name":"wp","href":"https:\/\/api.w.org\/{rel}","templated":true}]}}