{"id":55488,"date":"2024-11-11T09:42:59","date_gmt":"2024-11-11T08:42:59","guid":{"rendered":"https:\/\/weider.es\/?post_type=product&#038;p=55488"},"modified":"2024-11-11T09:58:07","modified_gmt":"2024-11-11T08:58:07","slug":"peanut-butter-protein-cups","status":"publish","type":"product","link":"https:\/\/weider.es\/it\/prodotto\/peanut-butter-protein-cups\/","title":{"rendered":"Peanut Butter Protein Cups"},"content":{"rendered":"<p>Nuestras Peanut Butter Cups con cobertura de chocolate con leche son el snack perfecto para quienes buscan una opci\u00f3n deliciosa y saludable. Con un alto contenido en prote\u00ednas, estas tartaletas no solo satisfacen los antojos de dulce, sino que tambi\u00e9n ayudan en la recuperaci\u00f3n y ganancia muscular, siendo ideales para deportistas y personas activas.<\/p>\n<p>Su combinaci\u00f3n de mantequilla de cacahuete y chocolate con leche proporciona un equilibrio perfecto de sabores, mientras que el uso de edulcorantes como Stevia en lugar de az\u00facar las hace una alternativa m\u00e1s saludable.<\/p>\n<p>Son el snack perfecto para llevar a cualquier lugar, gracias a su pr\u00e1ctico formato de 2 en 1. Cada Peanut Butter Cups est\u00e1 elaborada con ingredientes de alta calidad. La cubierta de chocolate sin az\u00facares a\u00f1adidos envuelve una cremosa crema de cacahuetes, creando una combinaci\u00f3n incre\u00edble con el equilibrio perfecto entre lo delicioso y saludable.<\/p>\n<p>Cada envoltorio contiene dos Peanut Butter Cups que aportar\u00e1n a tu dieta 11 gramos de prote\u00edna y tan solo 1,9 g de az\u00facar. Sin duda, estas tartaletas son una opci\u00f3n deliciosa y funcional para cualquier momento del d\u00eda.<\/p>\n<p>Adem\u00e1s, desde Weider siempre intentamos formular nuestros productos de forma que sean accesibles a la mayor parte de la poblaci\u00f3n, siendo un producto libre de gluten y bajo en az\u00facares.<\/p>","protected":false},"excerpt":{"rendered":"<p class=\"p1\">Paquete de 2 Peanut Butter Cups de 21 g cada una. Snack con 26% de prote\u00edna<\/p>\n<p class=\"p2\">\u2022 Bajo en az\u00facar<\/p>\n<p class=\"p2\">\u2022 Sin gluten<\/p>\n<p class=\"p2\">\u2022 Sin aceite de palma<\/p>","protected":false},"featured_media":55489,"template":"","meta":{"inline_featured_image":false},"product_cat":[4779],"product_tag":[],"acf":[],"_links":{"self":[{"href":"https:\/\/weider.es\/it\/wp-json\/wp\/v2\/product\/55488"}],"collection":[{"href":"https:\/\/weider.es\/it\/wp-json\/wp\/v2\/product"}],"about":[{"href":"https:\/\/weider.es\/it\/wp-json\/wp\/v2\/types\/product"}],"wp:featuredmedia":[{"embeddable":true,"href":"https:\/\/weider.es\/it\/wp-json\/wp\/v2\/media\/55489"}],"wp:attachment":[{"href":"https:\/\/weider.es\/it\/wp-json\/wp\/v2\/media?parent=55488"}],"wp:term":[{"taxonomy":"product_cat","embeddable":true,"href":"https:\/\/weider.es\/it\/wp-json\/wp\/v2\/product_cat?post=55488"},{"taxonomy":"product_tag","embeddable":true,"href":"https:\/\/weider.es\/it\/wp-json\/wp\/v2\/product_tag?post=55488"}],"curies":[{"name":"wp","href":"https:\/\/api.w.org\/{rel}","templated":true}]}}