{"id":55677,"date":"2025-04-04T00:00:31","date_gmt":"2025-04-03T22:00:31","guid":{"rendered":"https:\/\/weider.es\/?post_type=product&#038;p=55677"},"modified":"2025-04-25T13:29:54","modified_gmt":"2025-04-25T11:29:54","slug":"joes-crispy-protein-bar","status":"publish","type":"product","link":"https:\/\/weider.es\/it\/prodotto\/joes-crispy-protein-bar\/","title":{"rendered":"JOE\u2019S CRISPY PROTEIN BAR"},"content":{"rendered":"<p class=\"s5\"><span class=\"s4\">Il <\/span><span class=\"s4\">Joe\u2019s<\/span> <span class=\"s4\">Crispy<\/span> <span class=\"s4\">Protein<\/span><span class=\"s4\"> Bar<\/span><span class=\"s4\"> es la combinaci\u00f3n perfecta entre <\/span><span class=\"s4\">nutrici\u00f3n y sabor<\/span><span class=\"s4\">, dise\u00f1ada para quienes buscan potenciar su rendimiento sin renunciar al placer. Con <\/span><span class=\"s4\">15 gramos de prote\u00edna de alta calidad<\/span><span class=\"s4\">, es ideal para el <\/span><span class=\"s4\">pre o <\/span><span class=\"s4\">post-entrenamiento<\/span><span class=\"s4\">, como snack energ\u00e9tico o simplemente para mantenerse activo durante el d\u00eda.<\/span><\/p>\n<p class=\"s5\"><span class=\"s4\">Su <\/span><span class=\"s4\">delicioso sabor a <\/span><span class=\"s4\">toffee<\/span><span class=\"s4\">-caramelo con un toque crujiente<\/span><span class=\"s4\"> la convierte en una opci\u00f3n irresistible, sin az\u00facares a\u00f1adidos y con ingredientes seleccionados para ofrecer una <\/span><span class=\"s4\">energ\u00eda funcional y equilibrada<\/span><span class=\"s4\">.<\/span><\/p>\n<p class=\"s5\"><span class=\"s4\">Cada barrita de <\/span><span class=\"s4\">50 g<\/span><span class=\"s4\"> proporciona <\/span><span class=\"s4\">15 g de prote\u00edna<\/span><span class=\"s4\">, solo <\/span><span class=\"s4\">0,5 g de az\u00facar<\/span><span class=\"s4\"> y un perfil nutricional pensado para apoyar una vida saludable. Adem\u00e1s, contiene <\/span><span class=\"s4\">col\u00e1geno hidrolizado<\/span><span class=\"s4\">, contribuyendo al cuidado de las articulaciones y la piel.<\/span><\/p>\n<p class=\"s5\"><span class=\"s4\">Ligera, pr\u00e1ctica y deliciosa, la <\/span><span class=\"s4\">Joe\u2019s<\/span> <span class=\"s4\">Crispy<\/span> <span class=\"s4\">Protein<\/span><span class=\"s4\"> Bar<\/span><span class=\"s4\"> es el snack perfecto para disfrutar en cualquier momento sin comprometer tu bienestar.<\/span><\/p>","protected":false},"excerpt":{"rendered":"<p class=\"p1\">Ideales para maximizar tu rendimiento y recuperaci\u00f3n<\/p>\n<p class=\"p2\">\u2022 Sabor premium sin az\u00facares a\u00f1adidos<\/p>\n<p class=\"p2\">\u2022 Energ\u00eda funcional, perfecta para antes o despu\u00e9s del ejercicio<\/p>\n<p class=\"p2\">\u2022 Nutrici\u00f3n consciente, cuida tu salud sin comprometer el placer<\/p>","protected":false},"featured_media":55678,"template":"","meta":{"inline_featured_image":false},"product_cat":[4779],"product_tag":[],"acf":[],"_links":{"self":[{"href":"https:\/\/weider.es\/it\/wp-json\/wp\/v2\/product\/55677"}],"collection":[{"href":"https:\/\/weider.es\/it\/wp-json\/wp\/v2\/product"}],"about":[{"href":"https:\/\/weider.es\/it\/wp-json\/wp\/v2\/types\/product"}],"wp:featuredmedia":[{"embeddable":true,"href":"https:\/\/weider.es\/it\/wp-json\/wp\/v2\/media\/55678"}],"wp:attachment":[{"href":"https:\/\/weider.es\/it\/wp-json\/wp\/v2\/media?parent=55677"}],"wp:term":[{"taxonomy":"product_cat","embeddable":true,"href":"https:\/\/weider.es\/it\/wp-json\/wp\/v2\/product_cat?post=55677"},{"taxonomy":"product_tag","embeddable":true,"href":"https:\/\/weider.es\/it\/wp-json\/wp\/v2\/product_tag?post=55677"}],"curies":[{"name":"wp","href":"https:\/\/api.w.org\/{rel}","templated":true}]}}