{"id":55882,"date":"2025-08-18T10:39:05","date_gmt":"2025-08-18T08:39:05","guid":{"rendered":"https:\/\/weider.es\/?post_type=product&#038;p=55882"},"modified":"2025-10-06T13:13:08","modified_gmt":"2025-10-06T11:13:08","slug":"l-citrulina-malato","status":"publish","type":"product","link":"https:\/\/weider.es\/it\/prodotto\/l-citrulina-malato\/","title":{"rendered":"L-citrullina malato"},"content":{"rendered":"<p class=\"s4\">La L-citrullina malato \u00e8 un aminoacido che combina la L-citrullina e l'acido malico. Questo integratore \u00e8 noto per i suoi molteplici benefici nello sport.<\/p>\n<p class=\"s4\">La L-citrullina malato \u00e8 un aminoacido con un ruolo molto importante nel ciclo dell'urea. \u00c8 responsabile della produzione di ossido nitrico (NO-), un eccellente vasodilatatore che aumenta il flusso sanguigno, migliorando cos\u00ec la circolazione e l'ossigenazione.<\/p>\n<p class=\"s4\">Gli studi pi\u00f9 recenti dimostrano che la l-citrullina \u00e8 in grado di aumentare la l-arginina nel sangue meglio della l-arginina stessa.<\/p>\n<p class=\"s4\">A sua volta, l'acido malico favorisce la produzione di ATP, che pu\u00f2 contribuire ad aumentare l'energia per le attivit\u00e0 di forza e potenza.<\/p>\n<p class=\"s4\">Propriet\u00e0 e benefici della nostra L-Citrullina Malato Premium:<\/p>\n<div class=\"s6\"><span class=\"s5\">- <\/span>Miglioramento delle prestazioni sportive: favorisce la circolazione sanguigna e riduce l'affaticamento, grazie alla produzione di ossido nitrico.<\/div>\n<div class=\"s6\"><span class=\"s5\">- <\/span>Aiuta il recupero muscolare: contribuisce a ridurre l'indolenzimento muscolare dopo l'esercizio fisico e favorisce l'eliminazione dell'ammoniaca e di altre scorie.<\/div>\n<p class=\"s7\">processi metabolici dell'organismo.<\/p>\n<div class=\"s6\"><span class=\"s5\">- <\/span>Aumenta l'energia: l'acido malico, presente nella L-Citrullina malato, contribuisce alla produzione di energia nelle cellule.<\/div>\n<p class=\"s4\">Questa nuova formula, che include AstraGin\u00ae, \u00e8 un composto vegetale brevettato 100% che aumenta l'assorbimento di molti nutrienti vitali promuovendo un ambiente intestinale sano. Numerosi studi ne supportano l'efficacia. Nello specifico di questo prodotto, aumenta l'assorbimento di aminoacidi come la citrullina fino a 45%.<\/p>","protected":false},"excerpt":{"rendered":"<p>La L-citrullina malato \u00e8 un aminoacido che combina la L-citrullina e l'acido malico. Questo integratore \u00e8 noto per i suoi molteplici benefici nello sport. La L-Citrullina Malato \u00e8 un [...]<\/p>","protected":false},"featured_media":55883,"template":"","meta":{"inline_featured_image":false},"product_cat":[4777],"product_tag":[],"acf":[],"_links":{"self":[{"href":"https:\/\/weider.es\/it\/wp-json\/wp\/v2\/product\/55882"}],"collection":[{"href":"https:\/\/weider.es\/it\/wp-json\/wp\/v2\/product"}],"about":[{"href":"https:\/\/weider.es\/it\/wp-json\/wp\/v2\/types\/product"}],"wp:featuredmedia":[{"embeddable":true,"href":"https:\/\/weider.es\/it\/wp-json\/wp\/v2\/media\/55883"}],"wp:attachment":[{"href":"https:\/\/weider.es\/it\/wp-json\/wp\/v2\/media?parent=55882"}],"wp:term":[{"taxonomy":"product_cat","embeddable":true,"href":"https:\/\/weider.es\/it\/wp-json\/wp\/v2\/product_cat?post=55882"},{"taxonomy":"product_tag","embeddable":true,"href":"https:\/\/weider.es\/it\/wp-json\/wp\/v2\/product_tag?post=55882"}],"curies":[{"name":"wp","href":"https:\/\/api.w.org\/{rel}","templated":true}]}}