{"id":55953,"date":"2026-02-05T10:21:57","date_gmt":"2026-02-05T09:21:57","guid":{"rendered":"https:\/\/weider.es\/?post_type=product&#038;p=55953"},"modified":"2026-02-11T10:03:58","modified_gmt":"2026-02-11T09:03:58","slug":"peanut-butter-protein-cups-birthday-cake","status":"publish","type":"product","link":"https:\/\/weider.es\/it\/prodotto\/peanut-butter-protein-cups-birthday-cake\/","title":{"rendered":"Peanut Butter Protein Cups Birthday Cake"},"content":{"rendered":"<p>Nuestras Birthday Cake Protein Cups con cobertura sabor chocolate blanco son el snack perfecto para quienes buscan una opci\u00f3n deliciosa y saludable. Con un alto contenido en prote\u00ednas, estas tartaletas no solo satisfacen los antojos de dulce, sino que tambi\u00e9n ayudan en la recuperaci\u00f3n y ganancia muscular, siendo ideales para deportistas y personas activas.<\/p>\n<p>Su combinaci\u00f3n de crema de cacahuete, cobertura sabor chocolate blanco y granas de colores proporciona un equilibrio perfecto de sabores, mientras que el uso de edulcorantes como Stevia en lugar de az\u00facar las hace una alternativa m\u00e1s saludable.<\/p>","protected":false},"excerpt":{"rendered":"<p>Nuestras Birthday Cake Protein Cups con cobertura sabor chocolate blanco son el snack perfecto para quienes buscan una opci\u00f3n deliciosa y saludable. Con un alto contenido en prote\u00ednas, estas tartaletas [&hellip;]<\/p>","protected":false},"featured_media":55980,"template":"","meta":{"inline_featured_image":false},"product_cat":[4779],"product_tag":[],"acf":[],"_links":{"self":[{"href":"https:\/\/weider.es\/it\/wp-json\/wp\/v2\/product\/55953"}],"collection":[{"href":"https:\/\/weider.es\/it\/wp-json\/wp\/v2\/product"}],"about":[{"href":"https:\/\/weider.es\/it\/wp-json\/wp\/v2\/types\/product"}],"wp:featuredmedia":[{"embeddable":true,"href":"https:\/\/weider.es\/it\/wp-json\/wp\/v2\/media\/55980"}],"wp:attachment":[{"href":"https:\/\/weider.es\/it\/wp-json\/wp\/v2\/media?parent=55953"}],"wp:term":[{"taxonomy":"product_cat","embeddable":true,"href":"https:\/\/weider.es\/it\/wp-json\/wp\/v2\/product_cat?post=55953"},{"taxonomy":"product_tag","embeddable":true,"href":"https:\/\/weider.es\/it\/wp-json\/wp\/v2\/product_tag?post=55953"}],"curies":[{"name":"wp","href":"https:\/\/api.w.org\/{rel}","templated":true}]}}