{"id":55973,"date":"2026-02-06T11:04:33","date_gmt":"2026-02-06T10:04:33","guid":{"rendered":"https:\/\/weider.es\/?post_type=product&#038;p=55973"},"modified":"2026-02-06T11:05:17","modified_gmt":"2026-02-06T10:05:17","slug":"redupic","status":"publish","type":"product","link":"https:\/\/weider.es\/it\/prodotto\/redupic\/","title":{"rendered":"Redupic"},"content":{"rendered":"<p><span class=\"TextRun SCXW132027058 BCX0\" lang=\"ES-ES\" xml:lang=\"ES-ES\" data-contrast=\"none\"><span class=\"NormalTextRun SCXW132027058 BCX0\">REDUPIC combina ingredientes naturales de alta calidad dise\u00f1ados para ayudar a controlar el apetito, regular la saciedad y favorecer un metabolismo equilibrado. Su f\u00f3rmula \u00fanica con\u00a0<\/span><span class=\"NormalTextRun SpellingErrorV2Themed SCXW132027058 BCX0\">Carolean<\/span><span class=\"NormalTextRun SCXW132027058 BCX0\">\u2122 y\u00a0<\/span><span class=\"NormalTextRun SpellingErrorV2Themed SCXW132027058 BCX0\">Reducose<\/span><span class=\"NormalTextRun SCXW132027058 BCX0\">\u00ae, completada con cromo, constituye una soluci\u00f3n integral para quienes buscan gestionar su apetito y mantener un equilibrio saludable en su d\u00eda a d\u00eda.<\/span><\/span><span class=\"EOP SCXW132027058 BCX0\" data-ccp-props=\"{&quot;335551550&quot;:6,&quot;335551620&quot;:6}\">\u00a0<\/span><\/p>\n<p><span class=\"TextRun SCXW96323126 BCX0\" lang=\"ES-ES\" xml:lang=\"ES-ES\" data-contrast=\"none\"><span class=\"NormalTextRun SCXW96323126 BCX0\">En los \u00faltimos a\u00f1os, la hormona GLP-1 ha cobrado una gran relevancia por su papel clave en la regulaci\u00f3n del apetito y la saciedad, convirti\u00e9ndose en una referencia dentro de las soluciones para el control del peso. Cada vez m\u00e1s consumidores buscan alternativas naturales que estimulen este mecanismo de forma segura y eficaz. En este contexto, REDUPIC nace como respuesta a esta demanda, ofreciendo una opci\u00f3n innovadora que se alinea con esta tendencia creciente.<\/span><\/span><span class=\"EOP SCXW96323126 BCX0\" data-ccp-props=\"{&quot;335551550&quot;:6,&quot;335551620&quot;:6}\">\u00a0<\/span><\/p>","protected":false},"excerpt":{"rendered":"<ul>\n<li aria-setsize=\"-1\" data-leveltext=\"\uf0b7\" data-font=\"Symbol\" data-listid=\"1\" data-list-defn-props=\"{&quot;335552541&quot;:1,&quot;335559685&quot;:720,&quot;335559991&quot;:360,&quot;469769226&quot;:&quot;Symbol&quot;,&quot;469769242&quot;:[8226],&quot;469777803&quot;:&quot;left&quot;,&quot;469777804&quot;:&quot;\uf0b7&quot;,&quot;469777815&quot;:&quot;hybridMultilevel&quot;}\" data-aria-posinset=\"1\" data-aria-level=\"1\"><b><span data-contrast=\"none\">Carolean\u2122<\/span><\/b><span data-contrast=\"none\">\u00a0es un complejo natural patentado que combina goma de algarrobo y nopal. Su funci\u00f3n principal es ayudar a controlar el apetito y activar la sensaci\u00f3n de saciedad. En el est\u00f3mago forma una textura con elevada viscosidad que incrementa r\u00e1pidamente la sensaci\u00f3n de saciedad, alcanzando el 70% de su consistencia final en tan solo 15 minutos. Adem\u00e1s, se libera de manera gradual, lo que permite una digesti\u00f3n c\u00f3moda y sin molestias.\u00a0<\/span><span data-ccp-props=\"{&quot;134233117&quot;:false,&quot;134233118&quot;:false,&quot;201341983&quot;:0,&quot;335551550&quot;:6,&quot;335551620&quot;:6,&quot;335559738&quot;:120,&quot;335559739&quot;:120,&quot;335559740&quot;:360}\">\u00a0<\/span><\/li>\n<\/ul>\n<ul>\n<li aria-setsize=\"-1\" data-leveltext=\"\uf0b7\" data-font=\"Symbol\" data-listid=\"1\" data-list-defn-props=\"{&quot;335552541&quot;:1,&quot;335559685&quot;:720,&quot;335559991&quot;:360,&quot;469769226&quot;:&quot;Symbol&quot;,&quot;469769242&quot;:[8226],&quot;469777803&quot;:&quot;left&quot;,&quot;469777804&quot;:&quot;\uf0b7&quot;,&quot;469777815&quot;:&quot;hybridMultilevel&quot;}\" data-aria-posinset=\"2\" data-aria-level=\"1\"><b><span data-contrast=\"none\">Reducose\u00ae<\/span><\/b><span data-contrast=\"none\">\u00a0es un extracto natural de morera blanca con un s\u00f3lido respaldo en m\u00faltiples estudios cl\u00ednicos. Su acci\u00f3n contribuye a reducir hasta en un 42% los picos de glucosa tras comidas ricas en az\u00facar o almid\u00f3n, y a moderar la respuesta de insulina hasta en un 41%. Tambi\u00e9n disminuye el \u00edndice gluc\u00e9mico de alimentos comunes, permitiendo que el cuerpo procese los carbohidratos de forma m\u00e1s suave y controlada.\u00a0<\/span><span data-ccp-props=\"{&quot;134233117&quot;:false,&quot;134233118&quot;:false,&quot;201341983&quot;:0,&quot;335551550&quot;:6,&quot;335551620&quot;:6,&quot;335559738&quot;:120,&quot;335559739&quot;:120,&quot;335559740&quot;:360}\">\u00a0<\/span><\/li>\n<\/ul>\n<ul>\n<li aria-setsize=\"-1\" data-leveltext=\"\uf0b7\" data-font=\"Symbol\" data-listid=\"2\" data-list-defn-props=\"{&quot;335552541&quot;:1,&quot;335559685&quot;:720,&quot;335559991&quot;:360,&quot;469769226&quot;:&quot;Symbol&quot;,&quot;469769242&quot;:[8226],&quot;469777803&quot;:&quot;left&quot;,&quot;469777804&quot;:&quot;\uf0b7&quot;,&quot;469777815&quot;:&quot;hybridMultilevel&quot;}\" data-aria-posinset=\"1\" data-aria-level=\"1\"><span data-contrast=\"none\">Il\u00a0<\/span><b><span data-contrast=\"none\">cromo\u00a0<\/span><\/b><span data-contrast=\"none\">contribuye a mantener los niveles normales de glucosa en sangre, lo que ayuda a reducir la aparici\u00f3n de antojos y favorece un control metab\u00f3lico m\u00e1s estable.<\/span><span data-ccp-props=\"{&quot;134233117&quot;:false,&quot;134233118&quot;:false,&quot;201341983&quot;:0,&quot;335551550&quot;:6,&quot;335551620&quot;:6,&quot;335559738&quot;:120,&quot;335559739&quot;:120,&quot;335559740&quot;:360}\">\u00a0<\/span><\/li>\n<\/ul>","protected":false},"featured_media":55975,"template":"","meta":{"inline_featured_image":false},"product_cat":[4785],"product_tag":[],"acf":[],"_links":{"self":[{"href":"https:\/\/weider.es\/it\/wp-json\/wp\/v2\/product\/55973"}],"collection":[{"href":"https:\/\/weider.es\/it\/wp-json\/wp\/v2\/product"}],"about":[{"href":"https:\/\/weider.es\/it\/wp-json\/wp\/v2\/types\/product"}],"wp:featuredmedia":[{"embeddable":true,"href":"https:\/\/weider.es\/it\/wp-json\/wp\/v2\/media\/55975"}],"wp:attachment":[{"href":"https:\/\/weider.es\/it\/wp-json\/wp\/v2\/media?parent=55973"}],"wp:term":[{"taxonomy":"product_cat","embeddable":true,"href":"https:\/\/weider.es\/it\/wp-json\/wp\/v2\/product_cat?post=55973"},{"taxonomy":"product_tag","embeddable":true,"href":"https:\/\/weider.es\/it\/wp-json\/wp\/v2\/product_tag?post=55973"}],"curies":[{"name":"wp","href":"https:\/\/api.w.org\/{rel}","templated":true}]}}